{"id":5648,"date":"2026-02-15T12:54:56","date_gmt":"2026-02-15T10:54:56","guid":{"rendered":"https:\/\/refrigerationstore.eu\/?post_type=product&#038;p=5648"},"modified":"2026-02-15T12:59:28","modified_gmt":"2026-02-15T10:59:28","slug":"20-unit-bundle-of-r404a-10kg-copy-2","status":"publish","type":"product","link":"https:\/\/refrigerationstore.eu\/fr\/produit\/20-unit-bundle-of-r404a-10kg-copy-2\/","title":{"rendered":"20 unit bundle of R404a 10kg (Copy)"},"content":{"rendered":"<div class=\"product__description rte quick-add-hidden\">\n<ul>\n<li><em>Unique fluide frigorig\u00e8ne l\u00e9gal. Vanne scell\u00e9e garantissant la composition originale. Poss\u00e8de tous les marquages \u200b\u200bconformes aux directives de l&rsquo;UE. Bouteille consign\u00e9e, r\u00e9utilisable. Frigorig\u00e8ne R-134a; <\/em><\/li>\n<li><strong>Uniquement r\u00e9frig\u00e9rant l\u00e9gal.<\/strong> Valve \u00e9tanche garantissant la composition originale. Il poss\u00e8de tous les marquages \u200b\u200bconformes aux directives de l&rsquo;UE.<\/li>\n<li>Cylindre r\u00e9utilisable. R\u00e9frig\u00e9rant R-404a. Fluide frigorig\u00e8ne R404a utilis\u00e9 dans les groupes de climatisation et dans les transports frigorifiques, en r\u00e9frig\u00e9ration industrielle (entrep\u00f4ts frigorifiques, cong\u00e9lateurs) et en r\u00e9frig\u00e9ration commerciale. Le R404a est un m\u00e9lange de HFC couramment utilis\u00e9 dans les applications de r\u00e9frig\u00e9ration \u00e0 basse et moyenne temp\u00e9rature telles que la r\u00e9frig\u00e9ration commerciale. <\/li>\n<li>Les applications populaires du R404a sont la r\u00e9frig\u00e9ration commerciale (cong\u00e9lateurs, r\u00e9frig\u00e9rateurs, distributeurs automatiques), le transport et la r\u00e9frig\u00e9ration industrielle.<\/li>\n<\/ul>\n<\/div>\n","protected":false},"excerpt":{"rendered":"<p>Unique fluide frigorig\u00e8ne l\u00e9gal. Vanne scell\u00e9e garantissant la composition originale. Poss\u00e8de tous les marquages \u200b\u200bconformes aux directives de l&rsquo;UE. Bouteille consign\u00e9e, r\u00e9utilisable. Frigorig\u00e8ne R-134a; Uniquement r\u00e9frig\u00e9rant l\u00e9gal. Valve \u00e9tanche garantissant la composition originale. Il poss\u00e8de tous les marquages \u200b\u200bconformes aux directives de l&rsquo;UE. Cylindre r\u00e9utilisable. R\u00e9frig\u00e9rant R-404a. Fluide frigorig\u00e8ne R404a utilis\u00e9 dans les groupes de [&hellip;]<\/p>\n","protected":false},"featured_media":8855,"template":"","meta":{"_acf_changed":false},"product_brand":[],"product_cat":[359],"product_tag":[],"class_list":{"0":"post-5648","1":"product","2":"type-product","3":"status-publish","4":"has-post-thumbnail","6":"product_cat-r507-refrigerante","8":"first","9":"instock","10":"taxable","11":"shipping-taxable","12":"purchasable","13":"product-type-simple"},"acf":[],"_links":{"self":[{"href":"https:\/\/refrigerationstore.eu\/fr\/wp-json\/wp\/v2\/product\/5648","targetHints":{"allow":["GET"]}}],"collection":[{"href":"https:\/\/refrigerationstore.eu\/fr\/wp-json\/wp\/v2\/product"}],"about":[{"href":"https:\/\/refrigerationstore.eu\/fr\/wp-json\/wp\/v2\/types\/product"}],"wp:featuredmedia":[{"embeddable":true,"href":"https:\/\/refrigerationstore.eu\/fr\/wp-json\/wp\/v2\/media\/8855"}],"wp:attachment":[{"href":"https:\/\/refrigerationstore.eu\/fr\/wp-json\/wp\/v2\/media?parent=5648"}],"wp:term":[{"taxonomy":"product_brand","embeddable":true,"href":"https:\/\/refrigerationstore.eu\/fr\/wp-json\/wp\/v2\/product_brand?post=5648"},{"taxonomy":"product_cat","embeddable":true,"href":"https:\/\/refrigerationstore.eu\/fr\/wp-json\/wp\/v2\/product_cat?post=5648"},{"taxonomy":"product_tag","embeddable":true,"href":"https:\/\/refrigerationstore.eu\/fr\/wp-json\/wp\/v2\/product_tag?post=5648"}],"curies":[{"name":"wp","href":"https:\/\/api.w.org\/{rel}","templated":true}]}}