{"id":5623,"date":"2026-02-15T12:54:51","date_gmt":"2026-02-15T10:54:51","guid":{"rendered":"https:\/\/refrigerationstore.eu\/?post_type=product&#038;p=5623"},"modified":"2026-02-15T13:07:42","modified_gmt":"2026-02-15T11:07:42","slug":"10-unit-bundle-of-r404a-10kg-copy","status":"publish","type":"product","link":"https:\/\/refrigerationstore.eu\/fr\/produit\/10-unit-bundle-of-r404a-10kg-copy\/","title":{"rendered":"10 lot unitaire R507"},"content":{"rendered":"<div class=\"product__description rte quick-add-hidden\">\n<ul>\n<li><em>Unique fluide frigorig\u00e8ne l\u00e9gal. Vanne scell\u00e9e garantissant la composition originale. Poss\u00e8de tous les marquages \u200b\u200bconformes aux directives de l&rsquo;UE. Bouteille consign\u00e9e, r\u00e9utilisable. Frigorig\u00e8ne R-134a; <\/em><\/li>\n<li><strong>Uniquement r\u00e9frig\u00e9rant l\u00e9gal.<\/strong> Valve \u00e9tanche garantissant la composition originale. Il poss\u00e8de tous les marquages \u200b\u200bconformes aux directives de l&rsquo;UE.<\/li>\n<li>Bouteille r\u00e9utilisable.<br \/>\nFluide frigorig\u00e8ne R-507.<br \/>\nLe fluide frigorig\u00e8ne R507a est utilis\u00e9 dans les unit\u00e9s de climatisation et dans le transport frigorifique, dans la r\u00e9frig\u00e9ration industrielle (chambres froides, cong\u00e9lateurs) ainsi que dans la r\u00e9frig\u00e9ration commerciale. Le R404a est un m\u00e9lange de HFC couramment utilis\u00e9 dans les applications de r\u00e9frig\u00e9ration \u00e0 basse et moyenne temp\u00e9rature, telles que la r\u00e9frig\u00e9ration commerciale. <\/li>\n<li>Les applications courantes du R507a sont la r\u00e9frig\u00e9ration commerciale (cong\u00e9lateurs, r\u00e9frig\u00e9rateurs, distributeurs automatiques), ainsi que la r\u00e9frig\u00e9ration industrielle et de transport.<\/li>\n<\/ul>\n<\/div>\n","protected":false},"excerpt":{"rendered":"<p>Unique fluide frigorig\u00e8ne l\u00e9gal. Vanne scell\u00e9e garantissant la composition originale. Poss\u00e8de tous les marquages \u200b\u200bconformes aux directives de l&rsquo;UE. Bouteille consign\u00e9e, r\u00e9utilisable. Frigorig\u00e8ne R-134a; Uniquement r\u00e9frig\u00e9rant l\u00e9gal. Valve \u00e9tanche garantissant la composition originale. Il poss\u00e8de tous les marquages \u200b\u200bconformes aux directives de l&rsquo;UE. Bouteille r\u00e9utilisable. Fluide frigorig\u00e8ne R-507. Le fluide frigorig\u00e8ne R507a est utilis\u00e9 dans [&hellip;]<\/p>\n","protected":false},"featured_media":8829,"template":"","meta":{"_acf_changed":false},"product_brand":[],"product_cat":[359],"product_tag":[],"class_list":{"0":"post-5623","1":"product","2":"type-product","3":"status-publish","4":"has-post-thumbnail","6":"product_cat-r507-refrigerante","8":"first","9":"instock","10":"taxable","11":"shipping-taxable","12":"purchasable","13":"product-type-simple"},"acf":[],"_links":{"self":[{"href":"https:\/\/refrigerationstore.eu\/fr\/wp-json\/wp\/v2\/product\/5623","targetHints":{"allow":["GET"]}}],"collection":[{"href":"https:\/\/refrigerationstore.eu\/fr\/wp-json\/wp\/v2\/product"}],"about":[{"href":"https:\/\/refrigerationstore.eu\/fr\/wp-json\/wp\/v2\/types\/product"}],"wp:featuredmedia":[{"embeddable":true,"href":"https:\/\/refrigerationstore.eu\/fr\/wp-json\/wp\/v2\/media\/8829"}],"wp:attachment":[{"href":"https:\/\/refrigerationstore.eu\/fr\/wp-json\/wp\/v2\/media?parent=5623"}],"wp:term":[{"taxonomy":"product_brand","embeddable":true,"href":"https:\/\/refrigerationstore.eu\/fr\/wp-json\/wp\/v2\/product_brand?post=5623"},{"taxonomy":"product_cat","embeddable":true,"href":"https:\/\/refrigerationstore.eu\/fr\/wp-json\/wp\/v2\/product_cat?post=5623"},{"taxonomy":"product_tag","embeddable":true,"href":"https:\/\/refrigerationstore.eu\/fr\/wp-json\/wp\/v2\/product_tag?post=5623"}],"curies":[{"name":"wp","href":"https:\/\/api.w.org\/{rel}","templated":true}]}}