{"id":4903,"date":"2025-10-21T15:59:22","date_gmt":"2025-10-21T12:59:22","guid":{"rendered":"https:\/\/refrigerationstore.eu\/?post_type=product&#038;p=4903"},"modified":"2025-10-21T16:37:05","modified_gmt":"2025-10-21T13:37:05","slug":"r32-copy","status":"publish","type":"product","link":"https:\/\/refrigerationstore.eu\/fr\/produit\/r32-copy\/","title":{"rendered":"20 unit bundle of R32"},"content":{"rendered":"<ul>\n<li><em><strong>Uniquement r\u00e9frig\u00e9rant l\u00e9gal. <\/strong><\/em>Valve \u00e9tanche garantissant la composition originale. Il porte tous les marquages \u200b\u200bconform\u00e9ment aux directives de l&rsquo;UE. Cylindre consign\u00e9, r\u00e9utilisable.<\/li>\n<li><em><strong>R\u00e9frig\u00e9rant R-32.<\/strong><\/em> Le r\u00e9frig\u00e9rant R32 a un faible GWP, son empreinte carbone est inf\u00e9rieure \u00e0 celle de la plupart des gaz HFC. Les applications populaires du R32 sont les syst\u00e8mes de r\u00e9frig\u00e9ration et de climatisation industriels pour la maison et le bureau. En raison de la pression de fonctionnement \u00e9lev\u00e9e, des solutions de conception appropri\u00e9es sont n\u00e9cessaires. Il est utilis\u00e9 dans les installations AC con\u00e7ues pour ce r\u00e9frig\u00e9rant. Reconnu comme un r\u00e9frig\u00e9rant efficace pour les applications \u00e0 basse temp\u00e9rature. De plus, le R32 peut \u00eatre utilis\u00e9 en remplacement du R410a dans certaines applications.     <em><strong>   <\/strong><\/em><\/li>\n<li><em><strong>Bidon 9 kg \/ R\u00e9servoir 730 kg<\/strong><\/em><\/li>\n<\/ul>\n","protected":false},"excerpt":{"rendered":"<p>Uniquement r\u00e9frig\u00e9rant l\u00e9gal. Valve \u00e9tanche garantissant la composition originale. Il porte tous les marquages \u200b\u200bconform\u00e9ment aux directives de l&rsquo;UE. Cylindre consign\u00e9, r\u00e9utilisable. R\u00e9frig\u00e9rant R-32. Le r\u00e9frig\u00e9rant R32 a un faible GWP, son empreinte carbone est inf\u00e9rieure \u00e0 celle de la plupart des gaz HFC. Les applications populaires du R32 sont les syst\u00e8mes de r\u00e9frig\u00e9ration et [&hellip;]<\/p>\n","protected":false},"featured_media":8855,"template":"","meta":{"_acf_changed":false},"product_brand":[],"product_cat":[259],"product_tag":[],"class_list":{"0":"post-4903","1":"product","2":"type-product","3":"status-publish","4":"has-post-thumbnail","6":"product_cat-r32-refrigerante","8":"first","9":"instock","10":"taxable","11":"shipping-taxable","12":"purchasable","13":"product-type-simple"},"acf":[],"_links":{"self":[{"href":"https:\/\/refrigerationstore.eu\/fr\/wp-json\/wp\/v2\/product\/4903","targetHints":{"allow":["GET"]}}],"collection":[{"href":"https:\/\/refrigerationstore.eu\/fr\/wp-json\/wp\/v2\/product"}],"about":[{"href":"https:\/\/refrigerationstore.eu\/fr\/wp-json\/wp\/v2\/types\/product"}],"wp:featuredmedia":[{"embeddable":true,"href":"https:\/\/refrigerationstore.eu\/fr\/wp-json\/wp\/v2\/media\/8855"}],"wp:attachment":[{"href":"https:\/\/refrigerationstore.eu\/fr\/wp-json\/wp\/v2\/media?parent=4903"}],"wp:term":[{"taxonomy":"product_brand","embeddable":true,"href":"https:\/\/refrigerationstore.eu\/fr\/wp-json\/wp\/v2\/product_brand?post=4903"},{"taxonomy":"product_cat","embeddable":true,"href":"https:\/\/refrigerationstore.eu\/fr\/wp-json\/wp\/v2\/product_cat?post=4903"},{"taxonomy":"product_tag","embeddable":true,"href":"https:\/\/refrigerationstore.eu\/fr\/wp-json\/wp\/v2\/product_tag?post=4903"}],"curies":[{"name":"wp","href":"https:\/\/api.w.org\/{rel}","templated":true}]}}