{"id":4799,"date":"2025-10-21T15:56:20","date_gmt":"2025-10-21T12:56:20","guid":{"rendered":"https:\/\/refrigerationstore.eu\/?post_type=product&#038;p=4799"},"modified":"2025-10-22T11:30:05","modified_gmt":"2025-10-22T08:30:05","slug":"r125a-copy-2","status":"publish","type":"product","link":"https:\/\/refrigerationstore.eu\/fr\/produit\/r125a-copy-2\/","title":{"rendered":"10 unit bundle of R125A"},"content":{"rendered":"<p>Le R125A (pentafluoro\u00e9thane) est un composant HFC essentiel dans de nombreux m\u00e9langes de r\u00e9frig\u00e9rants utilis\u00e9s commercialement \u00e0 travers l\u2019Europe. Gr\u00e2ce \u00e0 ses excellentes propri\u00e9t\u00e9s thermodynamiques, son potentiel d\u2019appauvrissement de la couche d\u2019ozone nul (ODP) et sa large compatibilit\u00e9, le R125A permet aux syst\u00e8mes de r\u00e9frig\u00e9ration de maintenir des performances stables \u00e0 basses et moyennes temp\u00e9ratures. Id\u00e9al pour les fabricants OEM et les centres de service, le R125A garantit la conformit\u00e9 aux r\u00e9glementations europ\u00e9ennes sur les gaz fluor\u00e9s tout en offrant une capacit\u00e9 de refroidissement \u00e9conomique.  <\/p>\n","protected":false},"excerpt":{"rendered":"<p>Le R125A (pentafluoro\u00e9thane) est un composant HFC essentiel dans de nombreux m\u00e9langes de r\u00e9frig\u00e9rants utilis\u00e9s commercialement \u00e0 travers l\u2019Europe. Gr\u00e2ce \u00e0 ses excellentes propri\u00e9t\u00e9s thermodynamiques, son potentiel d\u2019appauvrissement de la couche d\u2019ozone nul (ODP) et sa large compatibilit\u00e9, le R125A permet aux syst\u00e8mes de r\u00e9frig\u00e9ration de maintenir des performances stables \u00e0 basses et moyennes temp\u00e9ratures. [&hellip;]<\/p>\n","protected":false},"featured_media":8829,"template":"","meta":{"_acf_changed":false},"product_brand":[],"product_cat":[270],"product_tag":[],"class_list":{"0":"post-4799","1":"product","2":"type-product","3":"status-publish","4":"has-post-thumbnail","6":"product_cat-r125a-refrigerante","8":"first","9":"instock","10":"taxable","11":"shipping-taxable","12":"purchasable","13":"product-type-simple"},"acf":[],"_links":{"self":[{"href":"https:\/\/refrigerationstore.eu\/fr\/wp-json\/wp\/v2\/product\/4799","targetHints":{"allow":["GET"]}}],"collection":[{"href":"https:\/\/refrigerationstore.eu\/fr\/wp-json\/wp\/v2\/product"}],"about":[{"href":"https:\/\/refrigerationstore.eu\/fr\/wp-json\/wp\/v2\/types\/product"}],"wp:featuredmedia":[{"embeddable":true,"href":"https:\/\/refrigerationstore.eu\/fr\/wp-json\/wp\/v2\/media\/8829"}],"wp:attachment":[{"href":"https:\/\/refrigerationstore.eu\/fr\/wp-json\/wp\/v2\/media?parent=4799"}],"wp:term":[{"taxonomy":"product_brand","embeddable":true,"href":"https:\/\/refrigerationstore.eu\/fr\/wp-json\/wp\/v2\/product_brand?post=4799"},{"taxonomy":"product_cat","embeddable":true,"href":"https:\/\/refrigerationstore.eu\/fr\/wp-json\/wp\/v2\/product_cat?post=4799"},{"taxonomy":"product_tag","embeddable":true,"href":"https:\/\/refrigerationstore.eu\/fr\/wp-json\/wp\/v2\/product_tag?post=4799"}],"curies":[{"name":"wp","href":"https:\/\/api.w.org\/{rel}","templated":true}]}}