{"id":4734,"date":"2025-10-21T15:51:41","date_gmt":"2025-10-21T12:51:41","guid":{"rendered":"https:\/\/refrigerationstore.eu\/?post_type=product&#038;p=4734"},"modified":"2025-10-22T11:35:23","modified_gmt":"2025-10-22T08:35:23","slug":"r1234yf-copy-3","status":"publish","type":"product","link":"https:\/\/refrigerationstore.eu\/fr\/produit\/r1234yf-copy-3\/","title":{"rendered":"5 unit bundle of R1234yf"},"content":{"rendered":"<p>R1234yf gaz r\u00e9frig\u00e9rant pour climatisation \u2013 poids de remplissage 10 kg, bouteille rechargeable avec raccord 1\/4.<br \/>\nLa bouteille reste votre propri\u00e9t\u00e9. Ou vous pouvez nous la retourner \u2013 une consigne de 15 \u20ac par bouteille, hors TVA, est incluse dans le prix.<br \/>R1234yf est un r\u00e9frig\u00e9rant hydrofluoro-ol\u00e9fine (HFO) largement utilis\u00e9 dans les syst\u00e8mes de climatisation automobile. Il constitue une alternative plus respectueuse de l\u2019environnement aux hydrochlorofluorocarbures (HCFC) et aux hydrofluorocarbures (HFC) gr\u00e2ce \u00e0 son potentiel de r\u00e9chauffement global (PRG ou GWP) consid\u00e9rablement r\u00e9duit. Depuis janvier 2022, le R1234yf est le choix privil\u00e9gi\u00e9 de l\u2019industrie automobile pour se conformer aux normes environnementales.<br \/>Applications du R1234yf :<br \/>Syst\u00e8mes de climatisation automobile<br \/>\nSyst\u00e8mes de r\u00e9frig\u00e9ration commerciale (applications limit\u00e9es)<br \/>\nPrincipaux avantages du gaz R1234yf :<br \/>\u00c9cologique : ODP nul, faible GWP<br \/>\nS\u00fbr et efficace : Non inflammable, grande capacit\u00e9 de refroidissement volum\u00e9trique<br \/>\nCompatible avec les syst\u00e8mes R134a existants : Peut \u00eatre utilis\u00e9 dans certains syst\u00e8mes R134a<br \/>\nHaute efficacit\u00e9 \u00e9nerg\u00e9tique : Plus efficace que le R134a<br \/>\nR\u00e9duction des \u00e9missions de gaz \u00e0 effet de serre : GWP nettement inf\u00e9rieur \u00e0 celui du R134a   <\/p>\n","protected":false},"excerpt":{"rendered":"<p>R1234yf gaz r\u00e9frig\u00e9rant pour climatisation \u2013 poids de remplissage 10 kg, bouteille rechargeable avec raccord 1\/4. La bouteille reste votre propri\u00e9t\u00e9. Ou vous pouvez nous la retourner \u2013 une consigne de 15 \u20ac par bouteille, hors TVA, est incluse dans le prix.R1234yf est un r\u00e9frig\u00e9rant hydrofluoro-ol\u00e9fine (HFO) largement utilis\u00e9 dans les syst\u00e8mes de climatisation automobile. [&hellip;]<\/p>\n","protected":false},"featured_media":8882,"template":"","meta":{"_acf_changed":false},"product_brand":[],"product_cat":[244],"product_tag":[],"class_list":{"0":"post-4734","1":"product","2":"type-product","3":"status-publish","4":"has-post-thumbnail","6":"product_cat-r1234yf-refrigerante","8":"first","9":"instock","10":"taxable","11":"shipping-taxable","12":"purchasable","13":"product-type-simple"},"acf":[],"_links":{"self":[{"href":"https:\/\/refrigerationstore.eu\/fr\/wp-json\/wp\/v2\/product\/4734","targetHints":{"allow":["GET"]}}],"collection":[{"href":"https:\/\/refrigerationstore.eu\/fr\/wp-json\/wp\/v2\/product"}],"about":[{"href":"https:\/\/refrigerationstore.eu\/fr\/wp-json\/wp\/v2\/types\/product"}],"wp:featuredmedia":[{"embeddable":true,"href":"https:\/\/refrigerationstore.eu\/fr\/wp-json\/wp\/v2\/media\/8882"}],"wp:attachment":[{"href":"https:\/\/refrigerationstore.eu\/fr\/wp-json\/wp\/v2\/media?parent=4734"}],"wp:term":[{"taxonomy":"product_brand","embeddable":true,"href":"https:\/\/refrigerationstore.eu\/fr\/wp-json\/wp\/v2\/product_brand?post=4734"},{"taxonomy":"product_cat","embeddable":true,"href":"https:\/\/refrigerationstore.eu\/fr\/wp-json\/wp\/v2\/product_cat?post=4734"},{"taxonomy":"product_tag","embeddable":true,"href":"https:\/\/refrigerationstore.eu\/fr\/wp-json\/wp\/v2\/product_tag?post=4734"}],"curies":[{"name":"wp","href":"https:\/\/api.w.org\/{rel}","templated":true}]}}