{"id":4135,"date":"2025-10-17T15:19:16","date_gmt":"2025-10-17T12:19:16","guid":{"rendered":"https:\/\/refrigerationstore.eu\/?post_type=product&#038;p=4135"},"modified":"2025-10-17T17:04:30","modified_gmt":"2025-10-17T14:04:30","slug":"r449a-copy-copy-2","status":"publish","type":"product","link":"https:\/\/refrigerationstore.eu\/fr\/produit\/r449a-copy-copy-2\/","title":{"rendered":"5 unit bundle of R449A"},"content":{"rendered":"<p>R449A gaz r\u00e9frig\u00e9rant pour climatisation, poids de remplissage 10 kg, bouteille rechargeable avec connexion 1\/4.<br \/>\nLa bouteille reste votre propri\u00e9t\u00e9. Ou vous pouvez nous la retourner \u2013 une consigne de 15 \u20ac par bouteille, hors TVA, est incluse dans le prix.<br \/>R449A : Un r\u00e9frig\u00e9rant \u00e0 faible PRG pour les applications CVC<x id=\"gid_5\"><\/x>Le r\u00e9frig\u00e9rant R449A, \u00e9galement connu sous le nom d\u2019Opteon XP40, est un hydrofluoro-ol\u00e9fine (HFO) avec un potentiel d\u2019appauvrissement de la couche d\u2019ozone (ODP) nul et un potentiel de r\u00e9chauffement global (PRG) consid\u00e9rablement r\u00e9duit de 1 397 par rapport \u00e0 son pr\u00e9d\u00e9cesseur, le R404A. Cela fait du R449A un choix plus respectueux de l\u2019environnement pour diverses applications de chauffage, ventilation et climatisation (CVC).<br \/>Propri\u00e9t\u00e9s et applications<x id=\"gid_6\"><\/x>Le R449A est non toxique, non inflammable et pr\u00e9sente une grande efficacit\u00e9 volum\u00e9trique, ce qui le rend adapt\u00e9 \u00e0 une large gamme d\u2019applications CVC, notamment les syst\u00e8mes de r\u00e9frig\u00e9ration \u00e0 basse et moyenne temp\u00e9rature tels que les vitrines r\u00e9frig\u00e9r\u00e9es, les r\u00e9frig\u00e9rateurs et les refroidisseurs. Il offre \u00e9galement une meilleure efficacit\u00e9 \u00e9nerg\u00e9tique que le R404A, ce qui peut contribuer \u00e0 r\u00e9duire les co\u00fbts d\u2019exploitation.<br \/>Substituts et compatibilit\u00e9<br \/>Le R449A peut remplacer directement le R404A, un r\u00e9frig\u00e9rant couramment utilis\u00e9 dans les syst\u00e8mes de r\u00e9frig\u00e9ration commerciaux et industriels. Il peut \u00e9galement remplacer efficacement le R507, un m\u00e9lange de R404A et de R134a. Sa compatibilit\u00e9 avec les \u00e9quipements existants en fait un substitut \u00ab drop-in \u00bb id\u00e9al pour les syst\u00e8mes utilisant le R404A et le R507.     <\/p>\n","protected":false},"excerpt":{"rendered":"<p>R449A gaz r\u00e9frig\u00e9rant pour climatisation, poids de remplissage 10 kg, bouteille rechargeable avec connexion 1\/4. La bouteille reste votre propri\u00e9t\u00e9. Ou vous pouvez nous la retourner \u2013 une consigne de 15 \u20ac par bouteille, hors TVA, est incluse dans le prix.R449A : Un r\u00e9frig\u00e9rant \u00e0 faible PRG pour les applications CVCLe r\u00e9frig\u00e9rant R449A, \u00e9galement connu [&hellip;]<\/p>\n","protected":false},"featured_media":8882,"template":"","meta":{"_acf_changed":false},"product_brand":[],"product_cat":[232],"product_tag":[],"class_list":{"0":"post-4135","1":"product","2":"type-product","3":"status-publish","4":"has-post-thumbnail","6":"product_cat-r449a-refrigerante","8":"first","9":"outofstock","10":"taxable","11":"shipping-taxable","12":"purchasable","13":"product-type-simple"},"acf":[],"_links":{"self":[{"href":"https:\/\/refrigerationstore.eu\/fr\/wp-json\/wp\/v2\/product\/4135","targetHints":{"allow":["GET"]}}],"collection":[{"href":"https:\/\/refrigerationstore.eu\/fr\/wp-json\/wp\/v2\/product"}],"about":[{"href":"https:\/\/refrigerationstore.eu\/fr\/wp-json\/wp\/v2\/types\/product"}],"wp:featuredmedia":[{"embeddable":true,"href":"https:\/\/refrigerationstore.eu\/fr\/wp-json\/wp\/v2\/media\/8882"}],"wp:attachment":[{"href":"https:\/\/refrigerationstore.eu\/fr\/wp-json\/wp\/v2\/media?parent=4135"}],"wp:term":[{"taxonomy":"product_brand","embeddable":true,"href":"https:\/\/refrigerationstore.eu\/fr\/wp-json\/wp\/v2\/product_brand?post=4135"},{"taxonomy":"product_cat","embeddable":true,"href":"https:\/\/refrigerationstore.eu\/fr\/wp-json\/wp\/v2\/product_cat?post=4135"},{"taxonomy":"product_tag","embeddable":true,"href":"https:\/\/refrigerationstore.eu\/fr\/wp-json\/wp\/v2\/product_tag?post=4135"}],"curies":[{"name":"wp","href":"https:\/\/api.w.org\/{rel}","templated":true}]}}