{"id":3686,"date":"2025-08-19T23:02:04","date_gmt":"2025-08-19T20:02:04","guid":{"rendered":"https:\/\/refrigerationstore.eu\/?post_type=product&#038;p=3686"},"modified":"2026-01-15T22:47:16","modified_gmt":"2026-01-15T20:47:16","slug":"20-unit-bundle-of-r404a-10kg-copy","status":"publish","type":"product","link":"https:\/\/refrigerationstore.eu\/fr\/produit\/20-unit-bundle-of-r404a-10kg-copy\/","title":{"rendered":"20 unit bundle of R410A 10kg"},"content":{"rendered":"<ul>\n<li><em>Unique fluide frigorig\u00e8ne l\u00e9gal. Vanne scell\u00e9e garantissant la composition originale. Poss\u00e8de tous les marquages \u200b\u200bconformes aux directives de l&rsquo;UE. Bouteille consign\u00e9e, r\u00e9utilisable. Frigorig\u00e8ne R-134a; <\/em><\/li>\n<li>Il s&rsquo;agit de la solution pr\u00e9f\u00e9r\u00e9e au niveau international pour les nouveaux appareils de climatisation, les pompes \u00e0 chaleur, etc. Contrairement au R-22, le R-410A fonctionne \u00e0 des pressions beaucoup plus \u00e9lev\u00e9es et exclusivement avec de l&rsquo;huile synth\u00e9tique POE. <\/li>\n<li>L&rsquo;\u00e9norme avantage du R-410A est sa capacit\u00e9 de refroidissement \u00e9lev\u00e9e, qui peut \u00eatre jusqu&rsquo;\u00e0 50 % sup\u00e9rieure \u00e0 celle du R-22. Pour cette raison, il est possible d&rsquo;utiliser des composants plus petits et de cr\u00e9er des machines plus compactes que le R-22. <\/li>\n<li>Accessoires en cuivre, tuyaux, vannes, compresseurs, etc. ils doivent \u00eatre con\u00e7us pour r\u00e9sister \u00e0 l&rsquo;augmentation de pression du R-410A. En raison de ses pressions de service, le R-410A ne convient pas \u00e0 la conversion d&rsquo;appareils existants et en fonctionnement au R-22. <\/li>\n<li>Pour cette conversion, le R-424A ou le R-407C seraient recommand\u00e9s comme substitut direct (drop-in).<\/li>\n<\/ul>\n","protected":false},"excerpt":{"rendered":"<p>Unique fluide frigorig\u00e8ne l\u00e9gal. Vanne scell\u00e9e garantissant la composition originale. Poss\u00e8de tous les marquages \u200b\u200bconformes aux directives de l&rsquo;UE. Bouteille consign\u00e9e, r\u00e9utilisable. Frigorig\u00e8ne R-134a; Il s&rsquo;agit de la solution pr\u00e9f\u00e9r\u00e9e au niveau international pour les nouveaux appareils de climatisation, les pompes \u00e0 chaleur, etc. Contrairement au R-22, le R-410A fonctionne \u00e0 des pressions beaucoup plus [&hellip;]<\/p>\n","protected":false},"featured_media":8855,"template":"","meta":{"_acf_changed":false},"product_brand":[],"product_cat":[328],"product_tag":[],"class_list":{"0":"post-3686","1":"product","2":"type-product","3":"status-publish","4":"has-post-thumbnail","6":"product_cat-r410a-refrigerante","8":"first","9":"instock","10":"taxable","11":"shipping-taxable","12":"purchasable","13":"product-type-simple"},"acf":[],"_links":{"self":[{"href":"https:\/\/refrigerationstore.eu\/fr\/wp-json\/wp\/v2\/product\/3686","targetHints":{"allow":["GET"]}}],"collection":[{"href":"https:\/\/refrigerationstore.eu\/fr\/wp-json\/wp\/v2\/product"}],"about":[{"href":"https:\/\/refrigerationstore.eu\/fr\/wp-json\/wp\/v2\/types\/product"}],"wp:featuredmedia":[{"embeddable":true,"href":"https:\/\/refrigerationstore.eu\/fr\/wp-json\/wp\/v2\/media\/8855"}],"wp:attachment":[{"href":"https:\/\/refrigerationstore.eu\/fr\/wp-json\/wp\/v2\/media?parent=3686"}],"wp:term":[{"taxonomy":"product_brand","embeddable":true,"href":"https:\/\/refrigerationstore.eu\/fr\/wp-json\/wp\/v2\/product_brand?post=3686"},{"taxonomy":"product_cat","embeddable":true,"href":"https:\/\/refrigerationstore.eu\/fr\/wp-json\/wp\/v2\/product_cat?post=3686"},{"taxonomy":"product_tag","embeddable":true,"href":"https:\/\/refrigerationstore.eu\/fr\/wp-json\/wp\/v2\/product_tag?post=3686"}],"curies":[{"name":"wp","href":"https:\/\/api.w.org\/{rel}","templated":true}]}}