{"id":1332,"date":"2025-04-29T19:16:11","date_gmt":"2025-04-29T19:16:11","guid":{"rendered":"https:\/\/refrigerationstore.eu\/product\/7-r422d\/"},"modified":"2025-06-02T23:32:11","modified_gmt":"2025-06-02T20:32:11","slug":"7-r422d","status":"publish","type":"product","link":"https:\/\/refrigerationstore.eu\/fr\/produit\/7-r422d\/","title":{"rendered":"R422D"},"content":{"rendered":"<ul>\n<li><em><strong>LE R\u00c9SERVOIR RECHARGEABLE RESTE VOTRE PROPRI\u00c9T\u00c9.<\/strong><\/em><\/li>\n<li>Le r\u00e9frig\u00e9rant con\u00e7u pour les refroidisseurs \u00e0 d\u00e9tente directe.<\/li>\n<li>Le 422D est un r\u00e9frig\u00e9rant HFC facile \u00e0 utiliser et n&rsquo;appauvrissant pas la couche d&rsquo;ozone, sp\u00e9cialement formul\u00e9 pour remplacer le R 22 dans les refroidisseurs d&rsquo;eau \u00e0 d\u00e9tente directe et les syst\u00e8mes de r\u00e9frig\u00e9ration \u00e0 temp\u00e9rature normale et basse moyenne.<\/li>\n<\/ul>\n","protected":false},"excerpt":{"rendered":"<p>LE R\u00c9SERVOIR RECHARGEABLE RESTE VOTRE PROPRI\u00c9T\u00c9. Le r\u00e9frig\u00e9rant con\u00e7u pour les refroidisseurs \u00e0 d\u00e9tente directe. Le 422D est un r\u00e9frig\u00e9rant HFC facile \u00e0 utiliser et n&rsquo;appauvrissant pas la couche d&rsquo;ozone, sp\u00e9cialement formul\u00e9 pour remplacer le R 22 dans les refroidisseurs d&rsquo;eau \u00e0 d\u00e9tente directe et les syst\u00e8mes de r\u00e9frig\u00e9ration \u00e0 temp\u00e9rature normale et basse moyenne.<\/p>\n","protected":false},"featured_media":8816,"template":"","meta":{"_acf_changed":false},"product_brand":[],"product_cat":[340],"product_tag":[],"class_list":{"0":"post-1332","1":"product","2":"type-product","3":"status-publish","4":"has-post-thumbnail","6":"product_cat-r422d-refrigerante","8":"first","9":"outofstock","10":"taxable","11":"shipping-taxable","12":"purchasable","13":"product-type-simple"},"acf":[],"_links":{"self":[{"href":"https:\/\/refrigerationstore.eu\/fr\/wp-json\/wp\/v2\/product\/1332","targetHints":{"allow":["GET"]}}],"collection":[{"href":"https:\/\/refrigerationstore.eu\/fr\/wp-json\/wp\/v2\/product"}],"about":[{"href":"https:\/\/refrigerationstore.eu\/fr\/wp-json\/wp\/v2\/types\/product"}],"wp:featuredmedia":[{"embeddable":true,"href":"https:\/\/refrigerationstore.eu\/fr\/wp-json\/wp\/v2\/media\/8816"}],"wp:attachment":[{"href":"https:\/\/refrigerationstore.eu\/fr\/wp-json\/wp\/v2\/media?parent=1332"}],"wp:term":[{"taxonomy":"product_brand","embeddable":true,"href":"https:\/\/refrigerationstore.eu\/fr\/wp-json\/wp\/v2\/product_brand?post=1332"},{"taxonomy":"product_cat","embeddable":true,"href":"https:\/\/refrigerationstore.eu\/fr\/wp-json\/wp\/v2\/product_cat?post=1332"},{"taxonomy":"product_tag","embeddable":true,"href":"https:\/\/refrigerationstore.eu\/fr\/wp-json\/wp\/v2\/product_tag?post=1332"}],"curies":[{"name":"wp","href":"https:\/\/api.w.org\/{rel}","templated":true}]}}