{"id":1312,"date":"2025-04-29T19:06:38","date_gmt":"2025-04-29T19:06:38","guid":{"rendered":"https:\/\/refrigerationstore.eu\/product\/5-r407%d1%81\/"},"modified":"2026-01-09T08:25:25","modified_gmt":"2026-01-09T06:25:25","slug":"5-r407%d1%81","status":"publish","type":"product","link":"https:\/\/refrigerationstore.eu\/fr\/produit\/5-r407%d1%81\/","title":{"rendered":"R407\u0421"},"content":{"rendered":"<ul>\n<li><em>Unique fluide frigorig\u00e8ne l\u00e9gal. Vanne scell\u00e9e garantissant la composition originale. Poss\u00e8de tous les marquages \u200b\u200bconformes aux directives de l&rsquo;UE. Bouteille consign\u00e9e, r\u00e9utilisable. Frigorig\u00e8ne R-134a; <\/em><\/li>\n<li><strong>Uniquement r\u00e9frig\u00e9rant l\u00e9gal.<\/strong> Valve \u00e9tanche garantissant la composition originale. Il poss\u00e8de tous les marquages \u200b\u200bconformes aux directives de l&rsquo;UE. Cylindre r\u00e9utilisable.<\/li>\n<li><strong>R\u00e9frig\u00e9rant R-407c. <\/strong>Le r\u00e9frig\u00e9rant R407c est utilis\u00e9 dans les syst\u00e8mes de climatisation domestiques et commerciaux ainsi que dans les syst\u00e8mes de climatisation \u00e0 \u00e9vaporation directe. Il est \u00e9galement utilis\u00e9 dans les syst\u00e8mes de r\u00e9frig\u00e9ration \u00e0 moyenne temp\u00e9rature. Les applications les plus courantes sont la climatisation domestique et professionnelle, les pompes \u00e0 chaleur, la r\u00e9frig\u00e9ration industrielle, les groupes frigorifiques pour la climatisation des b\u00e2timents industriels. Le R407c en tant que m\u00e9lange HFC est con\u00e7u pour refl\u00e9ter les propri\u00e9t\u00e9s du R22 utilis\u00e9es dans les syst\u00e8mes de climatisation.   <\/li>\n<\/ul>\n","protected":false},"excerpt":{"rendered":"<p>Unique fluide frigorig\u00e8ne l\u00e9gal. Vanne scell\u00e9e garantissant la composition originale. Poss\u00e8de tous les marquages \u200b\u200bconformes aux directives de l&rsquo;UE. Bouteille consign\u00e9e, r\u00e9utilisable. Frigorig\u00e8ne R-134a; Uniquement r\u00e9frig\u00e9rant l\u00e9gal. Valve \u00e9tanche garantissant la composition originale. Il poss\u00e8de tous les marquages \u200b\u200bconformes aux directives de l&rsquo;UE. Cylindre r\u00e9utilisable. R\u00e9frig\u00e9rant R-407c. Le r\u00e9frig\u00e9rant R407c est utilis\u00e9 dans les syst\u00e8mes [&hellip;]<\/p>\n","protected":false},"featured_media":8816,"template":"","meta":{"_acf_changed":false},"product_brand":[],"product_cat":[316],"product_tag":[],"class_list":{"0":"post-1312","1":"product","2":"type-product","3":"status-publish","4":"has-post-thumbnail","6":"product_cat-r407c-refrigerante","8":"first","9":"instock","10":"taxable","11":"shipping-taxable","12":"purchasable","13":"product-type-simple"},"acf":[],"_links":{"self":[{"href":"https:\/\/refrigerationstore.eu\/fr\/wp-json\/wp\/v2\/product\/1312","targetHints":{"allow":["GET"]}}],"collection":[{"href":"https:\/\/refrigerationstore.eu\/fr\/wp-json\/wp\/v2\/product"}],"about":[{"href":"https:\/\/refrigerationstore.eu\/fr\/wp-json\/wp\/v2\/types\/product"}],"wp:featuredmedia":[{"embeddable":true,"href":"https:\/\/refrigerationstore.eu\/fr\/wp-json\/wp\/v2\/media\/8816"}],"wp:attachment":[{"href":"https:\/\/refrigerationstore.eu\/fr\/wp-json\/wp\/v2\/media?parent=1312"}],"wp:term":[{"taxonomy":"product_brand","embeddable":true,"href":"https:\/\/refrigerationstore.eu\/fr\/wp-json\/wp\/v2\/product_brand?post=1312"},{"taxonomy":"product_cat","embeddable":true,"href":"https:\/\/refrigerationstore.eu\/fr\/wp-json\/wp\/v2\/product_cat?post=1312"},{"taxonomy":"product_tag","embeddable":true,"href":"https:\/\/refrigerationstore.eu\/fr\/wp-json\/wp\/v2\/product_tag?post=1312"}],"curies":[{"name":"wp","href":"https:\/\/api.w.org\/{rel}","templated":true}]}}