{"id":1302,"date":"2025-04-29T19:03:14","date_gmt":"2025-04-29T19:03:14","guid":{"rendered":"https:\/\/refrigerationstore.eu\/product\/r407f\/"},"modified":"2025-06-02T22:45:13","modified_gmt":"2025-06-02T19:45:13","slug":"r407f","status":"publish","type":"product","link":"https:\/\/refrigerationstore.eu\/fr\/produit\/r407f\/","title":{"rendered":"R407F"},"content":{"rendered":"<ul>\n<li>Bouteille de gaz r\u00e9frig\u00e9rant R407F rechargeable de 10 kg.<\/li>\n<li>Certifi\u00e9 T-PED \/ EN 13322-1. id\u00e9al pour l&rsquo;entretien et la recharge des climatiseurs de taille moyenne \u00e0 petite. (Valve 1\/4\u2033 SAE) UN 3340.   <\/li>\n<\/ul>\n","protected":false},"excerpt":{"rendered":"<p>Bouteille de gaz r\u00e9frig\u00e9rant R407F rechargeable de 10 kg. Certifi\u00e9 T-PED \/ EN 13322-1. id\u00e9al pour l&rsquo;entretien et la recharge des climatiseurs de taille moyenne \u00e0 petite. (Valve 1\/4\u2033 SAE) UN 3340.<\/p>\n","protected":false},"featured_media":8816,"template":"","meta":{"_acf_changed":false},"product_brand":[],"product_cat":[304],"product_tag":[],"class_list":{"0":"post-1302","1":"product","2":"type-product","3":"status-publish","4":"has-post-thumbnail","6":"product_cat-r407f-refrigerante","8":"first","9":"outofstock","10":"taxable","11":"shipping-taxable","12":"purchasable","13":"product-type-simple"},"acf":[],"_links":{"self":[{"href":"https:\/\/refrigerationstore.eu\/fr\/wp-json\/wp\/v2\/product\/1302","targetHints":{"allow":["GET"]}}],"collection":[{"href":"https:\/\/refrigerationstore.eu\/fr\/wp-json\/wp\/v2\/product"}],"about":[{"href":"https:\/\/refrigerationstore.eu\/fr\/wp-json\/wp\/v2\/types\/product"}],"wp:featuredmedia":[{"embeddable":true,"href":"https:\/\/refrigerationstore.eu\/fr\/wp-json\/wp\/v2\/media\/8816"}],"wp:attachment":[{"href":"https:\/\/refrigerationstore.eu\/fr\/wp-json\/wp\/v2\/media?parent=1302"}],"wp:term":[{"taxonomy":"product_brand","embeddable":true,"href":"https:\/\/refrigerationstore.eu\/fr\/wp-json\/wp\/v2\/product_brand?post=1302"},{"taxonomy":"product_cat","embeddable":true,"href":"https:\/\/refrigerationstore.eu\/fr\/wp-json\/wp\/v2\/product_cat?post=1302"},{"taxonomy":"product_tag","embeddable":true,"href":"https:\/\/refrigerationstore.eu\/fr\/wp-json\/wp\/v2\/product_tag?post=1302"}],"curies":[{"name":"wp","href":"https:\/\/api.w.org\/{rel}","templated":true}]}}