{"id":1249,"date":"2025-04-15T12:33:58","date_gmt":"2025-04-15T12:33:58","guid":{"rendered":"https:\/\/refrigerationstore.eu\/product\/1-r134a\/"},"modified":"2026-03-18T08:09:49","modified_gmt":"2026-03-18T06:09:49","slug":"1-r134a","status":"publish","type":"product","link":"https:\/\/refrigerationstore.eu\/fr\/produit\/1-r134a\/","title":{"rendered":"R134A"},"content":{"rendered":"<div class=\"product__description rte quick-add-hidden\">\n<ul>\n<li><em>Unique fluide frigorig\u00e8ne l\u00e9gal. Vanne scell\u00e9e garantissant la composition originale. Poss\u00e8de tous les marquages \u200b\u200bconformes aux directives de l&rsquo;UE. Bouteille consign\u00e9e, r\u00e9utilisable. Frigorig\u00e8ne R-134a; <\/em><\/li>\n<li><strong>Frigorig\u00e8ne R134a<\/strong> utilis\u00e9 pour les applications de r\u00e9frig\u00e9ration et de climatisation \u00e0 moyenne et haute temp\u00e9rature. Utilis\u00e9 dans les syst\u00e8mes de climatisation des b\u00e2timents r\u00e9sidentiels, les appareils de r\u00e9frig\u00e9ration domestiques, dans les installations commerciales (r\u00e9frig\u00e9rateurs, cong\u00e9lateurs, distributeurs automatiques, unit\u00e9s de r\u00e9frig\u00e9ration pour la climatisation des b\u00e2timents industriels) et dans le transport frigorifique;<\/li>\n<li><strong>Le R134a<\/strong> est \u00e9galement encore utilis\u00e9 dans l&rsquo;industrie automobile, dans les syst\u00e8mes de climatisation des voitures d&rsquo;ancienne g\u00e9n\u00e9ration. Le R134a est un \u00e9l\u00e9ment populaire dans de nombreux m\u00e9langes HFC. <\/li>\n<li>Bouteille de 12 kg \/ r\u00e9servoir de 940 kg. <\/li>\n<\/ul>\n<\/div>\n","protected":false},"excerpt":{"rendered":"<p>Unique fluide frigorig\u00e8ne l\u00e9gal. Vanne scell\u00e9e garantissant la composition originale. Poss\u00e8de tous les marquages \u200b\u200bconformes aux directives de l&rsquo;UE. Bouteille consign\u00e9e, r\u00e9utilisable. Frigorig\u00e8ne R-134a; Frigorig\u00e8ne R134a utilis\u00e9 pour les applications de r\u00e9frig\u00e9ration et de climatisation \u00e0 moyenne et haute temp\u00e9rature. Utilis\u00e9 dans les syst\u00e8mes de climatisation des b\u00e2timents r\u00e9sidentiels, les appareils de r\u00e9frig\u00e9ration domestiques, dans [&hellip;]<\/p>\n","protected":false},"featured_media":8816,"template":"","meta":{"_acf_changed":false},"product_brand":[],"product_cat":[281],"product_tag":[],"class_list":{"0":"post-1249","1":"product","2":"type-product","3":"status-publish","4":"has-post-thumbnail","6":"product_cat-r134a-refrigerante","8":"first","9":"instock","10":"taxable","11":"shipping-taxable","12":"purchasable","13":"product-type-simple"},"acf":[],"_links":{"self":[{"href":"https:\/\/refrigerationstore.eu\/fr\/wp-json\/wp\/v2\/product\/1249","targetHints":{"allow":["GET"]}}],"collection":[{"href":"https:\/\/refrigerationstore.eu\/fr\/wp-json\/wp\/v2\/product"}],"about":[{"href":"https:\/\/refrigerationstore.eu\/fr\/wp-json\/wp\/v2\/types\/product"}],"wp:featuredmedia":[{"embeddable":true,"href":"https:\/\/refrigerationstore.eu\/fr\/wp-json\/wp\/v2\/media\/8816"}],"wp:attachment":[{"href":"https:\/\/refrigerationstore.eu\/fr\/wp-json\/wp\/v2\/media?parent=1249"}],"wp:term":[{"taxonomy":"product_brand","embeddable":true,"href":"https:\/\/refrigerationstore.eu\/fr\/wp-json\/wp\/v2\/product_brand?post=1249"},{"taxonomy":"product_cat","embeddable":true,"href":"https:\/\/refrigerationstore.eu\/fr\/wp-json\/wp\/v2\/product_cat?post=1249"},{"taxonomy":"product_tag","embeddable":true,"href":"https:\/\/refrigerationstore.eu\/fr\/wp-json\/wp\/v2\/product_tag?post=1249"}],"curies":[{"name":"wp","href":"https:\/\/api.w.org\/{rel}","templated":true}]}}