{"id":7111,"date":"2026-03-03T22:01:52","date_gmt":"2026-03-03T20:01:52","guid":{"rendered":"https:\/\/refrigerationstore.eu\/automotive-ac\/"},"modified":"2026-03-12T18:15:34","modified_gmt":"2026-03-12T16:15:34","slug":"automotive-ac","status":"publish","type":"page","link":"https:\/\/refrigerationstore.eu\/fr\/automotive-ac\/","title":{"rendered":"Automotive AC"},"content":{"rendered":"<div class=\"woocommerce columns-4 \"><ul class=\"products columns-4\">\n<li class=\"product type-product post-1249 status-publish first instock product_cat-r134a-refrigerante has-post-thumbnail taxable shipping-taxable purchasable product-type-simple\">\n\t<a href=\"https:\/\/refrigerationstore.eu\/fr\/produit\/1-r134a\/\" class=\"woocommerce-LoopProduct-link woocommerce-loop-product__link\"><img fetchpriority=\"high\" decoding=\"async\" width=\"300\" height=\"300\" src=\"https:\/\/refrigerationstore.eu\/wp-content\/uploads\/2025\/04\/1-balon-copy-300x300.png\" class=\"attachment-woocommerce_thumbnail size-woocommerce_thumbnail\" alt=\"R134A\" srcset=\"https:\/\/refrigerationstore.eu\/wp-content\/uploads\/2025\/04\/1-balon-copy-300x300.png 300w, https:\/\/refrigerationstore.eu\/wp-content\/uploads\/2025\/04\/1-balon-copy-150x150.png 150w, https:\/\/refrigerationstore.eu\/wp-content\/uploads\/2025\/04\/1-balon-copy-100x100.png 100w, https:\/\/refrigerationstore.eu\/wp-content\/uploads\/2025\/04\/1-balon-copy.png 500w\" sizes=\"(max-width: 300px) 100vw, 300px\" \/><div class=\"woocommerce-loop-product__title\">R134A<\/div>\n\t<span class=\"price\"><span class=\"woocommerce-Price-amount amount\"><bdi>374,00&nbsp;<span class=\"woocommerce-Price-currencySymbol\">&euro;<\/span><\/bdi><\/span> <small class=\"woocommerce-price-suffix\">(ex. VAT)<\/small><\/span>\n<p class=\"stock-quantity\" style=\"color:green;\">279 en stock<\/p><\/a><a href=\"\/fr\/wp-json\/wp\/v2\/pages\/7111?add-to-cart=1249\" aria-describedby=\"woocommerce_loop_add_to_cart_link_describedby_1249\" data-quantity=\"1\" class=\"button product_type_simple add_to_cart_button ajax_add_to_cart\" data-product_id=\"1249\" data-product_sku=\"\" aria-label=\"Ajouter au panier\u00a0: &ldquo;R134A&rdquo;\" rel=\"nofollow\" data-success_message=\"\u00ab\u00a0R134A\u00a0\u00bb a \u00e9t\u00e9 ajout\u00e9 \u00e0 votre panier\" data-gtm_item_name=\"R134A\" data-gtm_item_brand=\"\" data-gtm_item_id=\"1249\" data-gtm_item_sku=\"\" data-gtm_price=\"452.54\" data-gtm_item_category=\"R134A\" data-gtm_index=\"1\" data-gtm_image-url=\"https:\/\/refrigerationstore.eu\/wp-content\/uploads\/2025\/04\/1-balon-copy.png\" data-gtm_quantity=\"1\" role=\"button\">Ajouter au panier<\/a>\t<span id=\"woocommerce_loop_add_to_cart_link_describedby_1249\" class=\"screen-reader-text\">\n\t\t\t<\/span>\n<\/li>\n<li class=\"product type-product post-4747 status-publish instock product_cat-r1234yf-refrigerante has-post-thumbnail taxable shipping-taxable purchasable product-type-simple\">\n\t<a href=\"https:\/\/refrigerationstore.eu\/fr\/produit\/r1234yf-copy\/\" class=\"woocommerce-LoopProduct-link woocommerce-loop-product__link\"><img decoding=\"async\" width=\"300\" height=\"300\" src=\"https:\/\/refrigerationstore.eu\/wp-content\/uploads\/2025\/07\/R134a_10_1_-removebg-preview-1-300x300.png\" class=\"attachment-woocommerce_thumbnail size-woocommerce_thumbnail\" alt=\"10 unit bundle of R1234yf\" srcset=\"https:\/\/refrigerationstore.eu\/wp-content\/uploads\/2025\/07\/R134a_10_1_-removebg-preview-1-300x300.png 300w, https:\/\/refrigerationstore.eu\/wp-content\/uploads\/2025\/07\/R134a_10_1_-removebg-preview-1-150x150.png 150w, https:\/\/refrigerationstore.eu\/wp-content\/uploads\/2025\/07\/R134a_10_1_-removebg-preview-1-100x100.png 100w, https:\/\/refrigerationstore.eu\/wp-content\/uploads\/2025\/07\/R134a_10_1_-removebg-preview-1.png 500w\" sizes=\"(max-width: 300px) 100vw, 300px\" \/><div class=\"woocommerce-loop-product__title\">10 unit bundle of R1234yf<\/div>\n\t<span class=\"price\"><span class=\"woocommerce-Price-amount amount\"><bdi>6 300,00&nbsp;<span class=\"woocommerce-Price-currencySymbol\">&euro;<\/span><\/bdi><\/span> <small class=\"woocommerce-price-suffix\">(ex. VAT)<\/small><\/span>\n<p class=\"stock-quantity\" style=\"color:green;\">5 en stock<\/p><\/a><a href=\"\/fr\/wp-json\/wp\/v2\/pages\/7111?add-to-cart=4747\" aria-describedby=\"woocommerce_loop_add_to_cart_link_describedby_4747\" data-quantity=\"1\" class=\"button product_type_simple add_to_cart_button ajax_add_to_cart\" data-product_id=\"4747\" data-product_sku=\"\" aria-label=\"Ajouter au panier\u00a0: &ldquo;10 unit bundle of R1234yf&rdquo;\" rel=\"nofollow\" data-success_message=\"\u00ab\u00a010 unit bundle of R1234yf\u00a0\u00bb a \u00e9t\u00e9 ajout\u00e9 \u00e0 votre panier\" data-gtm_item_name=\"10 unit bundle of R1234yf\" data-gtm_item_brand=\"\" data-gtm_item_id=\"4747\" data-gtm_item_sku=\"\" data-gtm_price=\"7623.00\" data-gtm_item_category=\"R1234yf\" data-gtm_index=\"2\" data-gtm_image-url=\"https:\/\/refrigerationstore.eu\/wp-content\/uploads\/2025\/07\/R134a_10_1_-removebg-preview-1.png\" data-gtm_quantity=\"1\" role=\"button\">Ajouter au panier<\/a>\t<span id=\"woocommerce_loop_add_to_cart_link_describedby_4747\" class=\"screen-reader-text\">\n\t\t\t<\/span>\n<\/li>\n<li class=\"product type-product post-4721 status-publish instock product_cat-r1234yf-refrigerante has-post-thumbnail taxable shipping-taxable purchasable product-type-simple\">\n\t<a href=\"https:\/\/refrigerationstore.eu\/fr\/produit\/r1234yf-copy-2\/\" class=\"woocommerce-LoopProduct-link woocommerce-loop-product__link\"><img decoding=\"async\" width=\"300\" height=\"300\" src=\"https:\/\/refrigerationstore.eu\/wp-content\/uploads\/2025\/08\/R134a_3_1-300x300.png\" class=\"attachment-woocommerce_thumbnail size-woocommerce_thumbnail\" alt=\"3 unit bundle of R1234yf\" srcset=\"https:\/\/refrigerationstore.eu\/wp-content\/uploads\/2025\/08\/R134a_3_1-300x300.png 300w, https:\/\/refrigerationstore.eu\/wp-content\/uploads\/2025\/08\/R134a_3_1-150x150.png 150w, https:\/\/refrigerationstore.eu\/wp-content\/uploads\/2025\/08\/R134a_3_1-100x100.png 100w, https:\/\/refrigerationstore.eu\/wp-content\/uploads\/2025\/08\/R134a_3_1.png 500w\" sizes=\"(max-width: 300px) 100vw, 300px\" \/><div class=\"woocommerce-loop-product__title\">3 unit bundle of R1234yf<\/div>\n\t<span class=\"price\"><span class=\"woocommerce-Price-amount amount\"><bdi>2 010,00&nbsp;<span class=\"woocommerce-Price-currencySymbol\">&euro;<\/span><\/bdi><\/span> <small class=\"woocommerce-price-suffix\">(ex. VAT)<\/small><\/span>\n<p class=\"stock-quantity\" style=\"color:green;\">8 en stock<\/p><\/a><a href=\"\/fr\/wp-json\/wp\/v2\/pages\/7111?add-to-cart=4721\" aria-describedby=\"woocommerce_loop_add_to_cart_link_describedby_4721\" data-quantity=\"1\" class=\"button product_type_simple add_to_cart_button ajax_add_to_cart\" data-product_id=\"4721\" data-product_sku=\"\" aria-label=\"Ajouter au panier\u00a0: &ldquo;3 unit bundle of R1234yf&rdquo;\" rel=\"nofollow\" data-success_message=\"\u00ab\u00a03 unit bundle of R1234yf\u00a0\u00bb a \u00e9t\u00e9 ajout\u00e9 \u00e0 votre panier\" data-gtm_item_name=\"3 unit bundle of R1234yf\" data-gtm_item_brand=\"\" data-gtm_item_id=\"4721\" data-gtm_item_sku=\"\" data-gtm_price=\"2432.10\" data-gtm_item_category=\"R1234yf\" data-gtm_index=\"3\" data-gtm_image-url=\"https:\/\/refrigerationstore.eu\/wp-content\/uploads\/2025\/08\/R134a_3_1.png\" data-gtm_quantity=\"1\" role=\"button\">Ajouter au panier<\/a>\t<span id=\"woocommerce_loop_add_to_cart_link_describedby_4721\" class=\"screen-reader-text\">\n\t\t\t<\/span>\n<\/li>\n<li class=\"product type-product post-4734 status-publish last instock product_cat-r1234yf-refrigerante has-post-thumbnail taxable shipping-taxable purchasable product-type-simple\">\n\t<a href=\"https:\/\/refrigerationstore.eu\/fr\/produit\/r1234yf-copy-3\/\" class=\"woocommerce-LoopProduct-link woocommerce-loop-product__link\"><img loading=\"lazy\" decoding=\"async\" width=\"300\" height=\"300\" src=\"https:\/\/refrigerationstore.eu\/wp-content\/uploads\/2025\/08\/R134a_5_1-300x300.png\" class=\"attachment-woocommerce_thumbnail size-woocommerce_thumbnail\" alt=\"5 unit bundle of R1234yf\" srcset=\"https:\/\/refrigerationstore.eu\/wp-content\/uploads\/2025\/08\/R134a_5_1-300x300.png 300w, https:\/\/refrigerationstore.eu\/wp-content\/uploads\/2025\/08\/R134a_5_1-150x150.png 150w, https:\/\/refrigerationstore.eu\/wp-content\/uploads\/2025\/08\/R134a_5_1-100x100.png 100w, https:\/\/refrigerationstore.eu\/wp-content\/uploads\/2025\/08\/R134a_5_1.png 500w\" sizes=\"(max-width: 300px) 100vw, 300px\" \/><div class=\"woocommerce-loop-product__title\">5 unit bundle of R1234yf<\/div>\n\t<span class=\"price\"><span class=\"woocommerce-Price-amount amount\"><bdi>3 300,00&nbsp;<span class=\"woocommerce-Price-currencySymbol\">&euro;<\/span><\/bdi><\/span> <small class=\"woocommerce-price-suffix\">(ex. VAT)<\/small><\/span>\n<p class=\"stock-quantity\" style=\"color:green;\">7 en stock<\/p><\/a><a href=\"\/fr\/wp-json\/wp\/v2\/pages\/7111?add-to-cart=4734\" aria-describedby=\"woocommerce_loop_add_to_cart_link_describedby_4734\" data-quantity=\"1\" class=\"button product_type_simple add_to_cart_button ajax_add_to_cart\" data-product_id=\"4734\" data-product_sku=\"\" aria-label=\"Ajouter au panier\u00a0: &ldquo;5 unit bundle of R1234yf&rdquo;\" rel=\"nofollow\" data-success_message=\"\u00ab\u00a05 unit bundle of R1234yf\u00a0\u00bb a \u00e9t\u00e9 ajout\u00e9 \u00e0 votre panier\" data-gtm_item_name=\"5 unit bundle of R1234yf\" data-gtm_item_brand=\"\" data-gtm_item_id=\"4734\" data-gtm_item_sku=\"\" data-gtm_price=\"3993.00\" data-gtm_item_category=\"R1234yf\" data-gtm_index=\"4\" data-gtm_image-url=\"https:\/\/refrigerationstore.eu\/wp-content\/uploads\/2025\/08\/R134a_5_1.png\" data-gtm_quantity=\"1\" role=\"button\">Ajouter au panier<\/a>\t<span id=\"woocommerce_loop_add_to_cart_link_describedby_4734\" class=\"screen-reader-text\">\n\t\t\t<\/span>\n<\/li>\n<li class=\"product type-product post-3938 status-publish first instock product_cat-r1234yf-refrigerante has-post-thumbnail taxable shipping-taxable purchasable product-type-simple\">\n\t<a href=\"https:\/\/refrigerationstore.eu\/fr\/produit\/r125a-copy\/\" class=\"woocommerce-LoopProduct-link woocommerce-loop-product__link\"><img loading=\"lazy\" decoding=\"async\" width=\"300\" height=\"300\" src=\"https:\/\/refrigerationstore.eu\/wp-content\/uploads\/2025\/04\/1-balon-copy-300x300.png\" class=\"attachment-woocommerce_thumbnail size-woocommerce_thumbnail\" alt=\"R1234yf\" srcset=\"https:\/\/refrigerationstore.eu\/wp-content\/uploads\/2025\/04\/1-balon-copy-300x300.png 300w, https:\/\/refrigerationstore.eu\/wp-content\/uploads\/2025\/04\/1-balon-copy-150x150.png 150w, https:\/\/refrigerationstore.eu\/wp-content\/uploads\/2025\/04\/1-balon-copy-100x100.png 100w, https:\/\/refrigerationstore.eu\/wp-content\/uploads\/2025\/04\/1-balon-copy.png 500w\" sizes=\"(max-width: 300px) 100vw, 300px\" \/><div class=\"woocommerce-loop-product__title\">R1234yf<\/div>\n\t<span class=\"price\"><span class=\"woocommerce-Price-amount amount\"><bdi>685,00&nbsp;<span class=\"woocommerce-Price-currencySymbol\">&euro;<\/span><\/bdi><\/span> <small class=\"woocommerce-price-suffix\">(ex. VAT)<\/small><\/span>\n<p class=\"stock-quantity\" style=\"color:green;\">34 en stock<\/p><\/a><a href=\"\/fr\/wp-json\/wp\/v2\/pages\/7111?add-to-cart=3938\" aria-describedby=\"woocommerce_loop_add_to_cart_link_describedby_3938\" data-quantity=\"1\" class=\"button product_type_simple add_to_cart_button ajax_add_to_cart\" data-product_id=\"3938\" data-product_sku=\"\" aria-label=\"Ajouter au panier\u00a0: &ldquo;R1234yf&rdquo;\" rel=\"nofollow\" data-success_message=\"\u00ab\u00a0R1234yf\u00a0\u00bb a \u00e9t\u00e9 ajout\u00e9 \u00e0 votre panier\" data-gtm_item_name=\"R1234yf\" data-gtm_item_brand=\"\" data-gtm_item_id=\"3938\" data-gtm_item_sku=\"\" data-gtm_price=\"828.85\" data-gtm_item_category=\"R1234yf\" data-gtm_index=\"5\" data-gtm_image-url=\"https:\/\/refrigerationstore.eu\/wp-content\/uploads\/2025\/04\/1-balon-copy.png\" data-gtm_quantity=\"1\" role=\"button\">Ajouter au panier<\/a>\t<span id=\"woocommerce_loop_add_to_cart_link_describedby_3938\" class=\"screen-reader-text\">\n\t\t\t<\/span>\n<\/li>\n<li class=\"product type-product post-2710 status-publish instock product_cat-r134a-refrigerante has-post-thumbnail taxable shipping-taxable purchasable product-type-simple\">\n\t<a href=\"https:\/\/refrigerationstore.eu\/fr\/produit\/lot-de-3-unites-de-r134a-12-kg\/\" class=\"woocommerce-LoopProduct-link woocommerce-loop-product__link\"><img loading=\"lazy\" decoding=\"async\" width=\"300\" height=\"300\" src=\"https:\/\/refrigerationstore.eu\/wp-content\/uploads\/2025\/07\/R134a_3_1_-removebg-preview-300x300.png\" class=\"attachment-woocommerce_thumbnail size-woocommerce_thumbnail\" alt=\"Lot de 3 unit\u00e9s de R134a 12 kg\" srcset=\"https:\/\/refrigerationstore.eu\/wp-content\/uploads\/2025\/07\/R134a_3_1_-removebg-preview-300x300.png 300w, https:\/\/refrigerationstore.eu\/wp-content\/uploads\/2025\/07\/R134a_3_1_-removebg-preview-150x150.png 150w, https:\/\/refrigerationstore.eu\/wp-content\/uploads\/2025\/07\/R134a_3_1_-removebg-preview-100x100.png 100w, https:\/\/refrigerationstore.eu\/wp-content\/uploads\/2025\/07\/R134a_3_1_-removebg-preview.png 500w\" sizes=\"(max-width: 300px) 100vw, 300px\" \/><div class=\"woocommerce-loop-product__title\">Lot de 3 unit\u00e9s de R134a 12 kg<\/div>\n\t<span class=\"price\"><span class=\"woocommerce-Price-amount amount\"><bdi>1 035,00&nbsp;<span class=\"woocommerce-Price-currencySymbol\">&euro;<\/span><\/bdi><\/span> <small class=\"woocommerce-price-suffix\">(ex. VAT)<\/small><\/span>\n<p class=\"stock-quantity\" style=\"color:green;\">96 en stock<\/p><\/a><a href=\"\/fr\/wp-json\/wp\/v2\/pages\/7111?add-to-cart=2710\" aria-describedby=\"woocommerce_loop_add_to_cart_link_describedby_2710\" data-quantity=\"1\" class=\"button product_type_simple add_to_cart_button ajax_add_to_cart\" data-product_id=\"2710\" data-product_sku=\"\" aria-label=\"Ajouter au panier\u00a0: &ldquo;Lot de 3 unit\u00e9s de R134a 12 kg&rdquo;\" rel=\"nofollow\" data-success_message=\"\u00ab\u00a0Lot de 3 unit\u00e9s de R134a 12 kg\u00a0\u00bb a \u00e9t\u00e9 ajout\u00e9 \u00e0 votre panier\" data-gtm_item_name=\"Lot de 3 unit\u00e9s de R134a 12 kg\" data-gtm_item_brand=\"\" data-gtm_item_id=\"2710\" data-gtm_item_sku=\"\" data-gtm_price=\"1252.35\" data-gtm_item_category=\"R134A\" data-gtm_index=\"6\" data-gtm_image-url=\"https:\/\/refrigerationstore.eu\/wp-content\/uploads\/2025\/07\/R134a_3_1_-removebg-preview.png\" data-gtm_quantity=\"1\" role=\"button\">Ajouter au panier<\/a>\t<span id=\"woocommerce_loop_add_to_cart_link_describedby_2710\" class=\"screen-reader-text\">\n\t\t\t<\/span>\n<\/li>\n<li class=\"product type-product post-2715 status-publish instock product_cat-r134a-refrigerante has-post-thumbnail taxable shipping-taxable purchasable product-type-simple\">\n\t<a href=\"https:\/\/refrigerationstore.eu\/fr\/produit\/lot-de-5-unites-de-r134a-12-kg\/\" class=\"woocommerce-LoopProduct-link woocommerce-loop-product__link\"><img loading=\"lazy\" decoding=\"async\" width=\"300\" height=\"300\" src=\"https:\/\/refrigerationstore.eu\/wp-content\/uploads\/2025\/07\/R134a_5_1_-removebg-preview-300x300.png\" class=\"attachment-woocommerce_thumbnail size-woocommerce_thumbnail\" alt=\"Lot de 5 unit\u00e9s de R134a 12 kg\" srcset=\"https:\/\/refrigerationstore.eu\/wp-content\/uploads\/2025\/07\/R134a_5_1_-removebg-preview-300x300.png 300w, https:\/\/refrigerationstore.eu\/wp-content\/uploads\/2025\/07\/R134a_5_1_-removebg-preview-150x150.png 150w, https:\/\/refrigerationstore.eu\/wp-content\/uploads\/2025\/07\/R134a_5_1_-removebg-preview-100x100.png 100w, https:\/\/refrigerationstore.eu\/wp-content\/uploads\/2025\/07\/R134a_5_1_-removebg-preview.png 500w\" sizes=\"(max-width: 300px) 100vw, 300px\" \/><div class=\"woocommerce-loop-product__title\">Lot de 5 unit\u00e9s de R134a 12 kg<\/div>\n\t<span class=\"price\"><span class=\"woocommerce-Price-amount amount\"><bdi>1 700,00&nbsp;<span class=\"woocommerce-Price-currencySymbol\">&euro;<\/span><\/bdi><\/span> <small class=\"woocommerce-price-suffix\">(ex. VAT)<\/small><\/span>\n<p class=\"stock-quantity\" style=\"color:green;\">62 en stock<\/p><\/a><a href=\"\/fr\/wp-json\/wp\/v2\/pages\/7111?add-to-cart=2715\" aria-describedby=\"woocommerce_loop_add_to_cart_link_describedby_2715\" data-quantity=\"1\" class=\"button product_type_simple add_to_cart_button ajax_add_to_cart\" data-product_id=\"2715\" data-product_sku=\"\" aria-label=\"Ajouter au panier\u00a0: &ldquo;Lot de 5 unit\u00e9s de R134a 12 kg&rdquo;\" rel=\"nofollow\" data-success_message=\"\u00ab\u00a0Lot de 5 unit\u00e9s de R134a 12 kg\u00a0\u00bb a \u00e9t\u00e9 ajout\u00e9 \u00e0 votre panier\" data-gtm_item_name=\"Lot de 5 unit\u00e9s de R134a 12 kg\" data-gtm_item_brand=\"\" data-gtm_item_id=\"2715\" data-gtm_item_sku=\"\" data-gtm_price=\"2057.00\" data-gtm_item_category=\"R134A\" data-gtm_index=\"7\" data-gtm_image-url=\"https:\/\/refrigerationstore.eu\/wp-content\/uploads\/2025\/07\/R134a_5_1_-removebg-preview.png\" data-gtm_quantity=\"1\" role=\"button\">Ajouter au panier<\/a>\t<span id=\"woocommerce_loop_add_to_cart_link_describedby_2715\" class=\"screen-reader-text\">\n\t\t\t<\/span>\n<\/li>\n<li class=\"product type-product post-2690 status-publish last instock product_cat-r134a-refrigerante has-post-thumbnail taxable shipping-taxable purchasable product-type-simple\">\n\t<a href=\"https:\/\/refrigerationstore.eu\/fr\/produit\/lot-de-10-unites-de-r134a-12-kg\/\" class=\"woocommerce-LoopProduct-link woocommerce-loop-product__link\"><img loading=\"lazy\" decoding=\"async\" width=\"300\" height=\"300\" src=\"https:\/\/refrigerationstore.eu\/wp-content\/uploads\/2025\/07\/R134a_10_1_-removebg-preview-1-300x300.png\" class=\"attachment-woocommerce_thumbnail size-woocommerce_thumbnail\" alt=\"Lot de 10 unit\u00e9s de R134a 12 kg\" srcset=\"https:\/\/refrigerationstore.eu\/wp-content\/uploads\/2025\/07\/R134a_10_1_-removebg-preview-1-300x300.png 300w, https:\/\/refrigerationstore.eu\/wp-content\/uploads\/2025\/07\/R134a_10_1_-removebg-preview-1-150x150.png 150w, https:\/\/refrigerationstore.eu\/wp-content\/uploads\/2025\/07\/R134a_10_1_-removebg-preview-1-100x100.png 100w, https:\/\/refrigerationstore.eu\/wp-content\/uploads\/2025\/07\/R134a_10_1_-removebg-preview-1.png 500w\" sizes=\"(max-width: 300px) 100vw, 300px\" \/><div class=\"woocommerce-loop-product__title\">Lot de 10 unit\u00e9s de R134a 12 kg<\/div>\n\t<span class=\"price\"><span class=\"woocommerce-Price-amount amount\"><bdi>3 290,00&nbsp;<span class=\"woocommerce-Price-currencySymbol\">&euro;<\/span><\/bdi><\/span> <small class=\"woocommerce-price-suffix\">(ex. VAT)<\/small><\/span>\n<p class=\"stock-quantity\" style=\"color:green;\">31 en stock<\/p><\/a><a href=\"\/fr\/wp-json\/wp\/v2\/pages\/7111?add-to-cart=2690\" aria-describedby=\"woocommerce_loop_add_to_cart_link_describedby_2690\" data-quantity=\"1\" class=\"button product_type_simple add_to_cart_button ajax_add_to_cart\" data-product_id=\"2690\" data-product_sku=\"\" aria-label=\"Ajouter au panier\u00a0: &ldquo;Lot de 10 unit\u00e9s de R134a 12 kg&rdquo;\" rel=\"nofollow\" data-success_message=\"\u00ab\u00a0Lot de 10 unit\u00e9s de R134a 12 kg\u00a0\u00bb a \u00e9t\u00e9 ajout\u00e9 \u00e0 votre panier\" data-gtm_item_name=\"Lot de 10 unit\u00e9s de R134a 12 kg\" data-gtm_item_brand=\"\" data-gtm_item_id=\"2690\" data-gtm_item_sku=\"\" data-gtm_price=\"3980.90\" data-gtm_item_category=\"R134A\" data-gtm_index=\"8\" data-gtm_image-url=\"https:\/\/refrigerationstore.eu\/wp-content\/uploads\/2025\/07\/R134a_10_1_-removebg-preview-1.png\" data-gtm_quantity=\"1\" role=\"button\">Ajouter au panier<\/a>\t<span id=\"woocommerce_loop_add_to_cart_link_describedby_2690\" class=\"screen-reader-text\">\n\t\t\t<\/span>\n<\/li>\n<li class=\"product type-product post-2726 status-publish first instock product_cat-r134a-refrigerante has-post-thumbnail taxable shipping-taxable purchasable product-type-simple\">\n\t<a href=\"https:\/\/refrigerationstore.eu\/fr\/produit\/lot-de-15-unites-de-r134a-12-kg\/\" class=\"woocommerce-LoopProduct-link woocommerce-loop-product__link\"><img loading=\"lazy\" decoding=\"async\" width=\"300\" height=\"300\" src=\"https:\/\/refrigerationstore.eu\/wp-content\/uploads\/2025\/03\/R134a_15_1_-removebg-preview-300x300.png\" class=\"attachment-woocommerce_thumbnail size-woocommerce_thumbnail\" alt=\"Lot de 15 unit\u00e9s de R134a 12 kg\" srcset=\"https:\/\/refrigerationstore.eu\/wp-content\/uploads\/2025\/03\/R134a_15_1_-removebg-preview-300x300.png 300w, https:\/\/refrigerationstore.eu\/wp-content\/uploads\/2025\/03\/R134a_15_1_-removebg-preview-150x150.png 150w, https:\/\/refrigerationstore.eu\/wp-content\/uploads\/2025\/03\/R134a_15_1_-removebg-preview-100x100.png 100w, https:\/\/refrigerationstore.eu\/wp-content\/uploads\/2025\/03\/R134a_15_1_-removebg-preview.png 500w\" sizes=\"(max-width: 300px) 100vw, 300px\" \/><div class=\"woocommerce-loop-product__title\">Lot de 15 unit\u00e9s de R134a 12 kg<\/div>\n\t<span class=\"price\"><span class=\"woocommerce-Price-amount amount\"><bdi>4 650,00&nbsp;<span class=\"woocommerce-Price-currencySymbol\">&euro;<\/span><\/bdi><\/span> <small class=\"woocommerce-price-suffix\">(ex. VAT)<\/small><\/span>\n<p class=\"stock-quantity\" style=\"color:green;\">22 en stock<\/p><\/a><a href=\"\/fr\/wp-json\/wp\/v2\/pages\/7111?add-to-cart=2726\" aria-describedby=\"woocommerce_loop_add_to_cart_link_describedby_2726\" data-quantity=\"1\" class=\"button product_type_simple add_to_cart_button ajax_add_to_cart\" data-product_id=\"2726\" data-product_sku=\"\" aria-label=\"Ajouter au panier\u00a0: &ldquo;Lot de 15 unit\u00e9s de R134a 12 kg&rdquo;\" rel=\"nofollow\" data-success_message=\"\u00ab\u00a0Lot de 15 unit\u00e9s de R134a 12 kg\u00a0\u00bb a \u00e9t\u00e9 ajout\u00e9 \u00e0 votre panier\" data-gtm_item_name=\"Lot de 15 unit\u00e9s de R134a 12 kg\" data-gtm_item_brand=\"\" data-gtm_item_id=\"2726\" data-gtm_item_sku=\"\" data-gtm_price=\"5626.50\" data-gtm_item_category=\"R134A\" data-gtm_index=\"9\" data-gtm_image-url=\"https:\/\/refrigerationstore.eu\/wp-content\/uploads\/2025\/03\/R134a_15_1_-removebg-preview.png\" data-gtm_quantity=\"1\" role=\"button\">Ajouter au panier<\/a>\t<span id=\"woocommerce_loop_add_to_cart_link_describedby_2726\" class=\"screen-reader-text\">\n\t\t\t<\/span>\n<\/li>\n<li class=\"product type-product post-2745 status-publish instock product_cat-r134a-refrigerante has-post-thumbnail taxable shipping-taxable purchasable product-type-simple\">\n\t<a href=\"https:\/\/refrigerationstore.eu\/fr\/produit\/lot-de-20-unites-de-r134a-12-kg\/\" class=\"woocommerce-LoopProduct-link woocommerce-loop-product__link\"><img loading=\"lazy\" decoding=\"async\" width=\"300\" height=\"300\" src=\"https:\/\/refrigerationstore.eu\/wp-content\/uploads\/2025\/03\/R134a_20_1_-removebg-preview-300x300.png\" class=\"attachment-woocommerce_thumbnail size-woocommerce_thumbnail\" alt=\"Lot de 20 unit\u00e9s de R134a 12 kg\" srcset=\"https:\/\/refrigerationstore.eu\/wp-content\/uploads\/2025\/03\/R134a_20_1_-removebg-preview-300x300.png 300w, https:\/\/refrigerationstore.eu\/wp-content\/uploads\/2025\/03\/R134a_20_1_-removebg-preview-150x150.png 150w, https:\/\/refrigerationstore.eu\/wp-content\/uploads\/2025\/03\/R134a_20_1_-removebg-preview-100x100.png 100w, https:\/\/refrigerationstore.eu\/wp-content\/uploads\/2025\/03\/R134a_20_1_-removebg-preview.png 500w\" sizes=\"(max-width: 300px) 100vw, 300px\" \/><div class=\"woocommerce-loop-product__title\">Lot de 20 unit\u00e9s de R134a 12 kg<\/div>\n\t<span class=\"price\"><span class=\"woocommerce-Price-amount amount\"><bdi>6 000,00&nbsp;<span class=\"woocommerce-Price-currencySymbol\">&euro;<\/span><\/bdi><\/span> <small class=\"woocommerce-price-suffix\">(ex. VAT)<\/small><\/span>\n<p class=\"stock-quantity\" style=\"color:green;\">16 en stock<\/p><\/a><a href=\"\/fr\/wp-json\/wp\/v2\/pages\/7111?add-to-cart=2745\" aria-describedby=\"woocommerce_loop_add_to_cart_link_describedby_2745\" data-quantity=\"1\" class=\"button product_type_simple add_to_cart_button ajax_add_to_cart\" data-product_id=\"2745\" data-product_sku=\"\" aria-label=\"Ajouter au panier\u00a0: &ldquo;Lot de 20 unit\u00e9s de R134a 12 kg&rdquo;\" rel=\"nofollow\" data-success_message=\"\u00ab\u00a0Lot de 20 unit\u00e9s de R134a 12 kg\u00a0\u00bb a \u00e9t\u00e9 ajout\u00e9 \u00e0 votre panier\" data-gtm_item_name=\"Lot de 20 unit\u00e9s de R134a 12 kg\" data-gtm_item_brand=\"\" data-gtm_item_id=\"2745\" data-gtm_item_sku=\"\" data-gtm_price=\"7260.00\" data-gtm_item_category=\"R134A\" data-gtm_index=\"10\" data-gtm_image-url=\"https:\/\/refrigerationstore.eu\/wp-content\/uploads\/2025\/03\/R134a_20_1_-removebg-preview.png\" data-gtm_quantity=\"1\" role=\"button\">Ajouter au panier<\/a>\t<span id=\"woocommerce_loop_add_to_cart_link_describedby_2745\" class=\"screen-reader-text\">\n\t\t\t<\/span>\n<\/li>\n<\/ul>\n<\/div>\n","protected":false},"excerpt":{"rendered":"","protected":false},"author":2,"featured_media":0,"parent":0,"menu_order":0,"comment_status":"closed","ping_status":"closed","template":"","meta":{"_acf_changed":false,"footnotes":""},"class_list":["post-7111","page","type-page","status-publish","hentry"],"acf":[],"_links":{"self":[{"href":"https:\/\/refrigerationstore.eu\/fr\/wp-json\/wp\/v2\/pages\/7111","targetHints":{"allow":["GET"]}}],"collection":[{"href":"https:\/\/refrigerationstore.eu\/fr\/wp-json\/wp\/v2\/pages"}],"about":[{"href":"https:\/\/refrigerationstore.eu\/fr\/wp-json\/wp\/v2\/types\/page"}],"author":[{"embeddable":true,"href":"https:\/\/refrigerationstore.eu\/fr\/wp-json\/wp\/v2\/users\/2"}],"replies":[{"embeddable":true,"href":"https:\/\/refrigerationstore.eu\/fr\/wp-json\/wp\/v2\/comments?post=7111"}],"version-history":[{"count":1,"href":"https:\/\/refrigerationstore.eu\/fr\/wp-json\/wp\/v2\/pages\/7111\/revisions"}],"predecessor-version":[{"id":7114,"href":"https:\/\/refrigerationstore.eu\/fr\/wp-json\/wp\/v2\/pages\/7111\/revisions\/7114"}],"wp:attachment":[{"href":"https:\/\/refrigerationstore.eu\/fr\/wp-json\/wp\/v2\/media?parent=7111"}],"curies":[{"name":"wp","href":"https:\/\/api.w.org\/{rel}","templated":true}]}}