{"id":1368,"date":"2025-04-29T06:12:23","date_gmt":"2025-04-29T03:12:23","guid":{"rendered":"https:\/\/refrigerationstore.eu\/livraison-et-paiement\/"},"modified":"2025-06-02T23:12:15","modified_gmt":"2025-06-02T20:12:15","slug":"livraison-et-paiement","status":"publish","type":"page","link":"https:\/\/refrigerationstore.eu\/fr\/livraison-et-paiement\/","title":{"rendered":"Livraison et paiement"},"content":{"rendered":"\t\t<div data-elementor-type=\"wp-post\" data-elementor-id=\"1368\" class=\"elementor elementor-1368 elementor-339\" data-elementor-post-type=\"page\">\n\t\t\t\t<div class=\"elementor-element elementor-element-f62b1d3 e-flex e-con-boxed e-con e-parent\" data-id=\"f62b1d3\" data-element_type=\"container\">\n\t\t\t\t\t<div class=\"e-con-inner\">\n\t\t\t\t<div class=\"elementor-element elementor-element-cccc7a2 elementor-widget elementor-widget-heading\" data-id=\"cccc7a2\" data-element_type=\"widget\" data-widget_type=\"heading.default\">\n\t\t\t\t<div class=\"elementor-widget-container\">\n\t\t\t\t\t<h1 class=\"elementor-heading-title elementor-size-default\">Livraison et paiement<\/h1>\t\t\t\t<\/div>\n\t\t\t\t<\/div>\n\t\t\t\t<div class=\"elementor-element elementor-element-f70a5de elementor-widget elementor-widget-text-editor\" data-id=\"f70a5de\" data-element_type=\"widget\" data-widget_type=\"text-editor.default\">\n\t\t\t\t<div class=\"elementor-widget-container\">\n\t\t\t\t\t\t\t\t\t<p>Nous coop\u00e9rons avec divers services de messagerie et entreprises logistiques, garantissant la livraison dans toute l&rsquo;Europe. Vous pouvez commander de petites ou grandes quantit\u00e9s, livr\u00e9es par des entreprises logistiques, sur palettes ou en cuves. <\/p>\t\t\t\t\t\t\t\t<\/div>\n\t\t\t\t<\/div>\n\t\t\t\t<div class=\"elementor-element elementor-element-4ac1f65 elementor-widget elementor-widget-heading\" data-id=\"4ac1f65\" data-element_type=\"widget\" data-widget_type=\"heading.default\">\n\t\t\t\t<div class=\"elementor-widget-container\">\n\t\t\t\t\t<h2 class=\"elementor-heading-title elementor-size-default\">Informations importantes<\/h2>\t\t\t\t<\/div>\n\t\t\t\t<\/div>\n\t\t<div class=\"elementor-element elementor-element-7f73e48 e-con-full e-flex e-con e-child\" data-id=\"7f73e48\" data-element_type=\"container\" data-settings=\"{&quot;background_background&quot;:&quot;classic&quot;}\">\n\t\t\t\t<div class=\"elementor-element elementor-element-4b3e47a elementor-widget elementor-widget-heading\" data-id=\"4b3e47a\" data-element_type=\"widget\" data-widget_type=\"heading.default\">\n\t\t\t\t<div class=\"elementor-widget-container\">\n\t\t\t\t\t<div class=\"elementor-heading-title elementor-size-default\">D\u00e9lais de livraison<\/div>\t\t\t\t<\/div>\n\t\t\t\t<\/div>\n\t\t\t\t<div class=\"elementor-element elementor-element-a9db87c elementor-widget elementor-widget-text-editor\" data-id=\"a9db87c\" data-element_type=\"widget\" data-widget_type=\"text-editor.default\">\n\t\t\t\t<div class=\"elementor-widget-container\">\n\t\t\t\t\t\t\t\t\t<div class=\"rte\"><ul><li>Dans les \u00c9tats baltes : 3\u20135 jours ouvrables.<\/li><li><strong>Dans le reste de l\u2019Europe<\/strong> : 3\u201310 jours ouvrables.<\/li><\/ul><p><strong>Important !<\/strong> Lors de la commande, veuillez inclure votre num\u00e9ro de t\u00e9l\u00e9phone, adresse e-mail et adresse compl\u00e8te.<\/p><\/div>\t\t\t\t\t\t\t\t<\/div>\n\t\t\t\t<\/div>\n\t\t\t\t<\/div>\n\t\t<div class=\"elementor-element elementor-element-85e2363 e-con-full e-flex e-con e-child\" data-id=\"85e2363\" data-element_type=\"container\" data-settings=\"{&quot;background_background&quot;:&quot;classic&quot;}\">\n\t\t\t\t<div class=\"elementor-element elementor-element-4a7a34e elementor-widget elementor-widget-heading\" data-id=\"4a7a34e\" data-element_type=\"widget\" data-widget_type=\"heading.default\">\n\t\t\t\t<div class=\"elementor-widget-container\">\n\t\t\t\t\t<div class=\"elementor-heading-title elementor-size-default\">Options de paiement<\/div>\t\t\t\t<\/div>\n\t\t\t\t<\/div>\n\t\t\t\t<div class=\"elementor-element elementor-element-4756f8a elementor-widget elementor-widget-text-editor\" data-id=\"4756f8a\" data-element_type=\"widget\" data-widget_type=\"text-editor.default\">\n\t\t\t\t<div class=\"elementor-widget-container\">\n\t\t\t\t\t\t\t\t\t<ul><li>Carte bancaire<\/li><li>PayPal<\/li><li>Virement bancaire (facture sur accord)<\/li><\/ul>\t\t\t\t\t\t\t\t<\/div>\n\t\t\t\t<\/div>\n\t\t\t\t<\/div>\n\t\t\t\t\t<\/div>\n\t\t\t\t<\/div>\n\t\t\t\t<\/div>\n\t\t","protected":false},"excerpt":{"rendered":"<p>Livraison et paiement Nous coop\u00e9rons avec divers services de messagerie et entreprises logistiques, garantissant la livraison dans toute l&rsquo;Europe. Vous pouvez commander de petites ou grandes quantit\u00e9s, livr\u00e9es par des entreprises logistiques, sur palettes ou en cuves. Informations importantes D\u00e9lais de livraison Dans les \u00c9tats baltes : 3\u20135 jours ouvrables. Dans le reste de l\u2019Europe [&hellip;]<\/p>\n","protected":false},"author":2,"featured_media":0,"parent":0,"menu_order":0,"comment_status":"closed","ping_status":"closed","template":"elementor_header_footer","meta":{"_acf_changed":false,"footnotes":""},"class_list":["post-1368","page","type-page","status-publish","hentry"],"acf":[],"_links":{"self":[{"href":"https:\/\/refrigerationstore.eu\/fr\/wp-json\/wp\/v2\/pages\/1368","targetHints":{"allow":["GET"]}}],"collection":[{"href":"https:\/\/refrigerationstore.eu\/fr\/wp-json\/wp\/v2\/pages"}],"about":[{"href":"https:\/\/refrigerationstore.eu\/fr\/wp-json\/wp\/v2\/types\/page"}],"author":[{"embeddable":true,"href":"https:\/\/refrigerationstore.eu\/fr\/wp-json\/wp\/v2\/users\/2"}],"replies":[{"embeddable":true,"href":"https:\/\/refrigerationstore.eu\/fr\/wp-json\/wp\/v2\/comments?post=1368"}],"version-history":[{"count":3,"href":"https:\/\/refrigerationstore.eu\/fr\/wp-json\/wp\/v2\/pages\/1368\/revisions"}],"predecessor-version":[{"id":2201,"href":"https:\/\/refrigerationstore.eu\/fr\/wp-json\/wp\/v2\/pages\/1368\/revisions\/2201"}],"wp:attachment":[{"href":"https:\/\/refrigerationstore.eu\/fr\/wp-json\/wp\/v2\/media?parent=1368"}],"curies":[{"name":"wp","href":"https:\/\/api.w.org\/{rel}","templated":true}]}}