{"id":5562,"date":"2026-02-15T12:43:32","date_gmt":"2026-02-15T10:43:32","guid":{"rendered":"https:\/\/refrigerationstore.eu\/?post_type=product&#038;p=5562"},"modified":"2026-02-15T12:51:14","modified_gmt":"2026-02-15T10:51:14","slug":"r404a-copy","status":"publish","type":"product","link":"https:\/\/refrigerationstore.eu\/de\/produkt\/r404a-copy\/","title":{"rendered":"R507"},"content":{"rendered":"<div class=\"product__description rte quick-add-hidden\">\n<ul>\n<li><em>INKLUSIVE PREIS DER FLASCHE, DIE AUF IHREM GRUNDST\u00dcCK BLEIBT. Wenn Sie Flaschen zur\u00fcckgeben m\u00f6chten, kontaktieren Sie uns bitte. <\/em><\/li>\n<li><strong>Nur legales K\u00e4ltemittel. <\/strong>Versiegeltes Ventil garantiert die urspr\u00fcngliche Zusammensetzung. Es hat alle Kennzeichnungen gem\u00e4\u00df den EU-Richtlinien.<\/li>\n<li>Wiederverwendbarer Zylinder.<br \/>\nK\u00e4ltemittel R-507.<br \/>\nDas K\u00e4ltemittel R507a wird in Klimaanlagen und im K\u00fchltransport sowie in der Industriek\u00e4lte (K\u00fchlh\u00e4user, Gefrierger\u00e4te) und in der gewerblichen K\u00e4lte eingesetzt. R404a ist ein Gemisch aus HFKW, das h\u00e4ufig in Niedrig- und Mitteltemperatur-K\u00e4lteanwendungen wie der gewerblichen K\u00e4lte verwendet wird. <\/li>\n<li>Beliebte Anwendungen von R507a sind die gewerbliche K\u00e4lte (Gefrierger\u00e4te, K\u00fchlschr\u00e4nke, Verkaufsautomaten) sowie die Transport- und Industriek\u00e4lte.<\/li>\n<\/ul>\n<\/div>\n","protected":false},"excerpt":{"rendered":"<p>INKLUSIVE PREIS DER FLASCHE, DIE AUF IHREM GRUNDST\u00dcCK BLEIBT. Wenn Sie Flaschen zur\u00fcckgeben m\u00f6chten, kontaktieren Sie uns bitte. Nur legales K\u00e4ltemittel. Versiegeltes Ventil garantiert die urspr\u00fcngliche Zusammensetzung. Es hat alle Kennzeichnungen gem\u00e4\u00df den EU-Richtlinien. Wiederverwendbarer Zylinder. K\u00e4ltemittel R-507. Das K\u00e4ltemittel R507a wird in Klimaanlagen und im K\u00fchltransport sowie in der Industriek\u00e4lte (K\u00fchlh\u00e4user, Gefrierger\u00e4te) und in [&hellip;]<\/p>\n","protected":false},"featured_media":8817,"template":"","meta":{"_acf_changed":false},"product_brand":[],"product_cat":[353],"product_tag":[],"class_list":{"0":"post-5562","1":"product","2":"type-product","3":"status-publish","4":"has-post-thumbnail","6":"product_cat-r507-kaltemittel","8":"first","9":"instock","10":"taxable","11":"shipping-taxable","12":"purchasable","13":"product-type-simple"},"acf":[],"_links":{"self":[{"href":"https:\/\/refrigerationstore.eu\/de\/wp-json\/wp\/v2\/product\/5562","targetHints":{"allow":["GET"]}}],"collection":[{"href":"https:\/\/refrigerationstore.eu\/de\/wp-json\/wp\/v2\/product"}],"about":[{"href":"https:\/\/refrigerationstore.eu\/de\/wp-json\/wp\/v2\/types\/product"}],"wp:featuredmedia":[{"embeddable":true,"href":"https:\/\/refrigerationstore.eu\/de\/wp-json\/wp\/v2\/media\/8817"}],"wp:attachment":[{"href":"https:\/\/refrigerationstore.eu\/de\/wp-json\/wp\/v2\/media?parent=5562"}],"wp:term":[{"taxonomy":"product_brand","embeddable":true,"href":"https:\/\/refrigerationstore.eu\/de\/wp-json\/wp\/v2\/product_brand?post=5562"},{"taxonomy":"product_cat","embeddable":true,"href":"https:\/\/refrigerationstore.eu\/de\/wp-json\/wp\/v2\/product_cat?post=5562"},{"taxonomy":"product_tag","embeddable":true,"href":"https:\/\/refrigerationstore.eu\/de\/wp-json\/wp\/v2\/product_tag?post=5562"}],"curies":[{"name":"wp","href":"https:\/\/api.w.org\/{rel}","templated":true}]}}