{"id":4796,"date":"2025-10-21T15:56:20","date_gmt":"2025-10-21T12:56:20","guid":{"rendered":"https:\/\/refrigerationstore.eu\/?post_type=product&#038;p=4796"},"modified":"2025-10-22T11:30:06","modified_gmt":"2025-10-22T08:30:06","slug":"r125a-copy-2","status":"publish","type":"product","link":"https:\/\/refrigerationstore.eu\/de\/produkt\/r125a-copy-2\/","title":{"rendered":"10 unit bundle of R125A"},"content":{"rendered":"<p>R125A (Pentafluorethan) ist ein entscheidender HFKW-Bestandteil in vielen kommerziell genutzten K\u00e4ltemittelgemischen in Europa. Mit hervorragenden thermodynamischen Eigenschaften, null Ozonabbaupotenzial (ODP) und breiter Kompatibilit\u00e4t unterst\u00fctzt R125A K\u00e4ltesysteme dabei, eine stabile Leistung bei niedrigen und mittleren Temperaturen zu erreichen. Ideal f\u00fcr OEM-Hersteller und Servicezentren gew\u00e4hrleistet R125A die Einhaltung der EU-F-Gas-Verordnung und bietet gleichzeitig eine kosteng\u00fcnstige K\u00fchlleistung.  <\/p>\n","protected":false},"excerpt":{"rendered":"<p>R125A (Pentafluorethan) ist ein entscheidender HFKW-Bestandteil in vielen kommerziell genutzten K\u00e4ltemittelgemischen in Europa. Mit hervorragenden thermodynamischen Eigenschaften, null Ozonabbaupotenzial (ODP) und breiter Kompatibilit\u00e4t unterst\u00fctzt R125A K\u00e4ltesysteme dabei, eine stabile Leistung bei niedrigen und mittleren Temperaturen zu erreichen. Ideal f\u00fcr OEM-Hersteller und Servicezentren gew\u00e4hrleistet R125A die Einhaltung der EU-F-Gas-Verordnung und bietet gleichzeitig eine kosteng\u00fcnstige K\u00fchlleistung.<\/p>\n","protected":false},"featured_media":8830,"template":"","meta":{"_acf_changed":false},"product_brand":[],"product_cat":[271],"product_tag":[],"class_list":{"0":"post-4796","1":"product","2":"type-product","3":"status-publish","4":"has-post-thumbnail","6":"product_cat-r125a-kaltemittel","8":"first","9":"instock","10":"taxable","11":"shipping-taxable","12":"purchasable","13":"product-type-simple"},"acf":[],"_links":{"self":[{"href":"https:\/\/refrigerationstore.eu\/de\/wp-json\/wp\/v2\/product\/4796","targetHints":{"allow":["GET"]}}],"collection":[{"href":"https:\/\/refrigerationstore.eu\/de\/wp-json\/wp\/v2\/product"}],"about":[{"href":"https:\/\/refrigerationstore.eu\/de\/wp-json\/wp\/v2\/types\/product"}],"wp:featuredmedia":[{"embeddable":true,"href":"https:\/\/refrigerationstore.eu\/de\/wp-json\/wp\/v2\/media\/8830"}],"wp:attachment":[{"href":"https:\/\/refrigerationstore.eu\/de\/wp-json\/wp\/v2\/media?parent=4796"}],"wp:term":[{"taxonomy":"product_brand","embeddable":true,"href":"https:\/\/refrigerationstore.eu\/de\/wp-json\/wp\/v2\/product_brand?post=4796"},{"taxonomy":"product_cat","embeddable":true,"href":"https:\/\/refrigerationstore.eu\/de\/wp-json\/wp\/v2\/product_cat?post=4796"},{"taxonomy":"product_tag","embeddable":true,"href":"https:\/\/refrigerationstore.eu\/de\/wp-json\/wp\/v2\/product_tag?post=4796"}],"curies":[{"name":"wp","href":"https:\/\/api.w.org\/{rel}","templated":true}]}}