{"id":4692,"date":"2025-10-21T15:46:29","date_gmt":"2025-10-21T12:46:29","guid":{"rendered":"https:\/\/refrigerationstore.eu\/?post_type=product&#038;p=4692"},"modified":"2025-10-21T16:33:08","modified_gmt":"2025-10-21T13:33:08","slug":"r407%d1%81-copy-copy-4","status":"publish","type":"product","link":"https:\/\/refrigerationstore.eu\/de\/produkt\/r407%d1%81-copy-copy-4\/","title":{"rendered":"15 unit bundle of R407\u0421"},"content":{"rendered":"<ul>\n<li><em>INKLUSIVE PREIS DER FLASCHE, DIE AUF IHREM GRUNDST\u00dcCK BLEIBT. Wenn Sie Flaschen zur\u00fcckgeben m\u00f6chten, kontaktieren Sie uns bitte. <\/em><\/li>\n<li><strong>Nur legales K\u00e4ltemittel. <\/strong>Versiegeltes Ventil garantiert die urspr\u00fcngliche Zusammensetzung. Es hat alle Kennzeichnungen gem\u00e4\u00df den EU-Richtlinien. Wiederverwendbare Flasche.<\/li>\n<li><strong>K\u00e4ltemittel R-407c.<\/strong> Das K\u00e4ltemittel R407c wird in Klimaanlagen f\u00fcr Privathaushalte und Gewerbe sowie in Direktverdampfungs-Klimaanlagen verwendet. Es wird auch in Mitteltemperatur-K\u00e4lteanlagen verwendet. Die h\u00e4ufigsten Anwendungen sind Klimaanlagen f\u00fcr Privathaushalte und B\u00fcros, W\u00e4rmepumpen, Industriek\u00fchlung, K\u00fchleinheiten f\u00fcr die Klimatisierung von Industriegeb\u00e4uden. R407c als HFC-Gemisch ist so konzipiert, dass es die in Klimaanlagen verwendeten R22-Eigenschaften widerspiegelt.   <\/li>\n<\/ul>\n","protected":false},"excerpt":{"rendered":"<p>INKLUSIVE PREIS DER FLASCHE, DIE AUF IHREM GRUNDST\u00dcCK BLEIBT. Wenn Sie Flaschen zur\u00fcckgeben m\u00f6chten, kontaktieren Sie uns bitte. Nur legales K\u00e4ltemittel. Versiegeltes Ventil garantiert die urspr\u00fcngliche Zusammensetzung. Es hat alle Kennzeichnungen gem\u00e4\u00df den EU-Richtlinien. Wiederverwendbare Flasche. K\u00e4ltemittel R-407c. Das K\u00e4ltemittel R407c wird in Klimaanlagen f\u00fcr Privathaushalte und Gewerbe sowie in Direktverdampfungs-Klimaanlagen verwendet. Es wird auch [&hellip;]<\/p>\n","protected":false},"featured_media":8843,"template":"","meta":{"_acf_changed":false},"product_brand":[],"product_cat":[317],"product_tag":[],"class_list":{"0":"post-4692","1":"product","2":"type-product","3":"status-publish","4":"has-post-thumbnail","6":"product_cat-r407c-kaltemittel","8":"first","9":"instock","10":"taxable","11":"shipping-taxable","12":"purchasable","13":"product-type-simple"},"acf":[],"_links":{"self":[{"href":"https:\/\/refrigerationstore.eu\/de\/wp-json\/wp\/v2\/product\/4692","targetHints":{"allow":["GET"]}}],"collection":[{"href":"https:\/\/refrigerationstore.eu\/de\/wp-json\/wp\/v2\/product"}],"about":[{"href":"https:\/\/refrigerationstore.eu\/de\/wp-json\/wp\/v2\/types\/product"}],"wp:featuredmedia":[{"embeddable":true,"href":"https:\/\/refrigerationstore.eu\/de\/wp-json\/wp\/v2\/media\/8843"}],"wp:attachment":[{"href":"https:\/\/refrigerationstore.eu\/de\/wp-json\/wp\/v2\/media?parent=4692"}],"wp:term":[{"taxonomy":"product_brand","embeddable":true,"href":"https:\/\/refrigerationstore.eu\/de\/wp-json\/wp\/v2\/product_brand?post=4692"},{"taxonomy":"product_cat","embeddable":true,"href":"https:\/\/refrigerationstore.eu\/de\/wp-json\/wp\/v2\/product_cat?post=4692"},{"taxonomy":"product_tag","embeddable":true,"href":"https:\/\/refrigerationstore.eu\/de\/wp-json\/wp\/v2\/product_tag?post=4692"}],"curies":[{"name":"wp","href":"https:\/\/api.w.org\/{rel}","templated":true}]}}