{"id":3663,"date":"2025-08-19T23:02:03","date_gmt":"2025-08-19T20:02:03","guid":{"rendered":"https:\/\/refrigerationstore.eu\/?post_type=product&#038;p=3663"},"modified":"2025-08-19T23:18:44","modified_gmt":"2025-08-19T20:18:44","slug":"10er-pack-r134a-12-kg-copy-copy","status":"publish","type":"product","link":"https:\/\/refrigerationstore.eu\/de\/produkt\/10er-pack-r134a-12-kg-copy-copy\/","title":{"rendered":"10 unit bundle of R410A 10kg"},"content":{"rendered":"<ul>\n<li><em>INKLUSIVE PREIS DER FLASCHE, DIE AUF IHREM GRUNDST\u00dcCK BLEIBT. Wenn Sie Flaschen zur\u00fcckgeben m\u00f6chten, kontaktieren Sie uns bitte. <\/em><\/li>\n<li>Dies ist die international bevorzugte L\u00f6sung f\u00fcr neue Klimaanlagen, W\u00e4rmepumpen usw. Im Gegensatz zu R-22 arbeitet R-410A bei viel h\u00f6heren Dr\u00fccken und ausschlie\u00dflich mit synthetischem POE-\u00d6l. <\/li>\n<li>Der enorme Vorteil von R-410A ist seine hohe K\u00fchlleistung, die bis zu 50 % h\u00f6her sein kann als bei R-22. Aus diesem Grund ist es m\u00f6glich, kleinere Komponenten zu verwenden und kompaktere Maschinen als bei R-22 zu bauen. <\/li>\n<li>Kupferzubeh\u00f6r, Rohre, Ventile, Kompressoren usw. m\u00fcssen so ausgelegt sein, dass sie dem Druckanstieg von R-410A standhalten. Aufgrund seiner Arbeitsdr\u00fccke ist R-410A nicht f\u00fcr die Umr\u00fcstung bestehender und in Betrieb befindlicher Ger\u00e4te mit R-22 geeignet. <\/li>\n<li>F\u00fcr diese Umr\u00fcstung wird R-424A oder R-407C als direkter Ersatz (Drop-in) empfohlen.<\/li>\n<\/ul>\n","protected":false},"excerpt":{"rendered":"<p>INKLUSIVE PREIS DER FLASCHE, DIE AUF IHREM GRUNDST\u00dcCK BLEIBT. Wenn Sie Flaschen zur\u00fcckgeben m\u00f6chten, kontaktieren Sie uns bitte. Dies ist die international bevorzugte L\u00f6sung f\u00fcr neue Klimaanlagen, W\u00e4rmepumpen usw. Im Gegensatz zu R-22 arbeitet R-410A bei viel h\u00f6heren Dr\u00fccken und ausschlie\u00dflich mit synthetischem POE-\u00d6l. Der enorme Vorteil von R-410A ist seine hohe K\u00fchlleistung, die bis [&hellip;]<\/p>\n","protected":false},"featured_media":8830,"template":"","meta":{"_acf_changed":false},"product_brand":[],"product_cat":[329],"product_tag":[],"class_list":{"0":"post-3663","1":"product","2":"type-product","3":"status-publish","4":"has-post-thumbnail","6":"product_cat-r410a-kaltemittel","8":"first","9":"instock","10":"taxable","11":"shipping-taxable","12":"purchasable","13":"product-type-simple"},"acf":[],"_links":{"self":[{"href":"https:\/\/refrigerationstore.eu\/de\/wp-json\/wp\/v2\/product\/3663","targetHints":{"allow":["GET"]}}],"collection":[{"href":"https:\/\/refrigerationstore.eu\/de\/wp-json\/wp\/v2\/product"}],"about":[{"href":"https:\/\/refrigerationstore.eu\/de\/wp-json\/wp\/v2\/types\/product"}],"wp:featuredmedia":[{"embeddable":true,"href":"https:\/\/refrigerationstore.eu\/de\/wp-json\/wp\/v2\/media\/8830"}],"wp:attachment":[{"href":"https:\/\/refrigerationstore.eu\/de\/wp-json\/wp\/v2\/media?parent=3663"}],"wp:term":[{"taxonomy":"product_brand","embeddable":true,"href":"https:\/\/refrigerationstore.eu\/de\/wp-json\/wp\/v2\/product_brand?post=3663"},{"taxonomy":"product_cat","embeddable":true,"href":"https:\/\/refrigerationstore.eu\/de\/wp-json\/wp\/v2\/product_cat?post=3663"},{"taxonomy":"product_tag","embeddable":true,"href":"https:\/\/refrigerationstore.eu\/de\/wp-json\/wp\/v2\/product_tag?post=3663"}],"curies":[{"name":"wp","href":"https:\/\/api.w.org\/{rel}","templated":true}]}}