{"id":1340,"date":"2025-04-26T19:20:04","date_gmt":"2025-04-26T19:20:04","guid":{"rendered":"https:\/\/refrigerationstore.eu\/product\/2-r32\/"},"modified":"2025-11-30T17:03:29","modified_gmt":"2025-11-30T15:03:29","slug":"2-r32","status":"publish","type":"product","link":"https:\/\/refrigerationstore.eu\/de\/produkt\/2-r32\/","title":{"rendered":"R32"},"content":{"rendered":"<ul>\n<li><em><strong>Nur legales K\u00e4ltemittel.<\/strong><\/em> Versiegeltes Ventil garantiert die urspr\u00fcngliche Zusammensetzung Es hat alle Markierungen gem\u00e4\u00df den EU-Richtlinien Mehrwegflasche, wiederverwendbar<\/li>\n<li><em><strong>K\u00e4ltemittel R-32. <\/strong><\/em>Das K\u00e4ltemittel R32 hat ein niedriges GWP, sein CO2-Fu\u00dfabdruck ist geringer als der der meisten HFC-Gase. Beliebte Anwendungen f\u00fcr R32 sind industrielle K\u00fchl- und Klimaanlagen f\u00fcr Zuhause und B\u00fcro. Aufgrund des hohen Betriebsdrucks sind entsprechende Konstruktionsl\u00f6sungen erforderlich. Es wird in Klimaanlagen verwendet, die f\u00fcr dieses K\u00e4ltemittel ausgelegt sind. Anerkannt als wirksames K\u00e4ltemittel f\u00fcr Niedertemperaturanwendungen. Dar\u00fcber hinaus kann R32 in einigen Anwendungen als Ersatz f\u00fcr R410a verwendet werden.     <em><strong>   <\/strong><\/em><\/li>\n<li><em><strong>9 kg Flasche \/ 730 kg Tank<\/strong><\/em><\/li>\n<\/ul>\n","protected":false},"excerpt":{"rendered":"<p>Nur legales K\u00e4ltemittel. Versiegeltes Ventil garantiert die urspr\u00fcngliche Zusammensetzung Es hat alle Markierungen gem\u00e4\u00df den EU-Richtlinien Mehrwegflasche, wiederverwendbar K\u00e4ltemittel R-32. Das K\u00e4ltemittel R32 hat ein niedriges GWP, sein CO2-Fu\u00dfabdruck ist geringer als der der meisten HFC-Gase. Beliebte Anwendungen f\u00fcr R32 sind industrielle K\u00fchl- und Klimaanlagen f\u00fcr Zuhause und B\u00fcro. Aufgrund des hohen Betriebsdrucks sind entsprechende [&hellip;]<\/p>\n","protected":false},"featured_media":8817,"template":"","meta":{"_acf_changed":false},"product_brand":[],"product_cat":[260],"product_tag":[],"class_list":{"0":"post-1340","1":"product","2":"type-product","3":"status-publish","4":"has-post-thumbnail","6":"product_cat-r32-kaltemittel","8":"first","9":"instock","10":"taxable","11":"shipping-taxable","12":"purchasable","13":"product-type-simple"},"acf":[],"_links":{"self":[{"href":"https:\/\/refrigerationstore.eu\/de\/wp-json\/wp\/v2\/product\/1340","targetHints":{"allow":["GET"]}}],"collection":[{"href":"https:\/\/refrigerationstore.eu\/de\/wp-json\/wp\/v2\/product"}],"about":[{"href":"https:\/\/refrigerationstore.eu\/de\/wp-json\/wp\/v2\/types\/product"}],"wp:featuredmedia":[{"embeddable":true,"href":"https:\/\/refrigerationstore.eu\/de\/wp-json\/wp\/v2\/media\/8817"}],"wp:attachment":[{"href":"https:\/\/refrigerationstore.eu\/de\/wp-json\/wp\/v2\/media?parent=1340"}],"wp:term":[{"taxonomy":"product_brand","embeddable":true,"href":"https:\/\/refrigerationstore.eu\/de\/wp-json\/wp\/v2\/product_brand?post=1340"},{"taxonomy":"product_cat","embeddable":true,"href":"https:\/\/refrigerationstore.eu\/de\/wp-json\/wp\/v2\/product_cat?post=1340"},{"taxonomy":"product_tag","embeddable":true,"href":"https:\/\/refrigerationstore.eu\/de\/wp-json\/wp\/v2\/product_tag?post=1340"}],"curies":[{"name":"wp","href":"https:\/\/api.w.org\/{rel}","templated":true}]}}