{"id":1331,"date":"2025-04-29T19:16:11","date_gmt":"2025-04-29T19:16:11","guid":{"rendered":"https:\/\/refrigerationstore.eu\/product\/7-r422d\/"},"modified":"2025-06-02T23:32:10","modified_gmt":"2025-06-02T20:32:10","slug":"7-r422d","status":"publish","type":"product","link":"https:\/\/refrigerationstore.eu\/de\/produkt\/7-r422d\/","title":{"rendered":"R422D"},"content":{"rendered":"<ul>\n<li><em><strong>DER NACHF\u00dcLLBARE TANK BLEIBT IHR EIGENTUM.<\/strong><\/em><\/li>\n<li>Das f\u00fcr Direktverdampfungsk\u00fchler entwickelte K\u00fchlmittel.<\/li>\n<li>422D ist ein einfach zu verwendendes, ozonneutrales HFC-K\u00e4ltemittel, das speziell als Ersatz f\u00fcr R22 in Direktverdampfungswasserk\u00fchlern und K\u00fchlsystemen mit normaler und niedriger bis mittlerer Temperatur entwickelt wurde.<\/li>\n<\/ul>\n","protected":false},"excerpt":{"rendered":"<p>DER NACHF\u00dcLLBARE TANK BLEIBT IHR EIGENTUM. Das f\u00fcr Direktverdampfungsk\u00fchler entwickelte K\u00fchlmittel. 422D ist ein einfach zu verwendendes, ozonneutrales HFC-K\u00e4ltemittel, das speziell als Ersatz f\u00fcr R22 in Direktverdampfungswasserk\u00fchlern und K\u00fchlsystemen mit normaler und niedriger bis mittlerer Temperatur entwickelt wurde.<\/p>\n","protected":false},"featured_media":8817,"template":"","meta":{"_acf_changed":false},"product_brand":[],"product_cat":[341],"product_tag":[],"class_list":{"0":"post-1331","1":"product","2":"type-product","3":"status-publish","4":"has-post-thumbnail","6":"product_cat-r422d-kaltemittel","8":"first","9":"outofstock","10":"taxable","11":"shipping-taxable","12":"purchasable","13":"product-type-simple"},"acf":[],"_links":{"self":[{"href":"https:\/\/refrigerationstore.eu\/de\/wp-json\/wp\/v2\/product\/1331","targetHints":{"allow":["GET"]}}],"collection":[{"href":"https:\/\/refrigerationstore.eu\/de\/wp-json\/wp\/v2\/product"}],"about":[{"href":"https:\/\/refrigerationstore.eu\/de\/wp-json\/wp\/v2\/types\/product"}],"wp:featuredmedia":[{"embeddable":true,"href":"https:\/\/refrigerationstore.eu\/de\/wp-json\/wp\/v2\/media\/8817"}],"wp:attachment":[{"href":"https:\/\/refrigerationstore.eu\/de\/wp-json\/wp\/v2\/media?parent=1331"}],"wp:term":[{"taxonomy":"product_brand","embeddable":true,"href":"https:\/\/refrigerationstore.eu\/de\/wp-json\/wp\/v2\/product_brand?post=1331"},{"taxonomy":"product_cat","embeddable":true,"href":"https:\/\/refrigerationstore.eu\/de\/wp-json\/wp\/v2\/product_cat?post=1331"},{"taxonomy":"product_tag","embeddable":true,"href":"https:\/\/refrigerationstore.eu\/de\/wp-json\/wp\/v2\/product_tag?post=1331"}],"curies":[{"name":"wp","href":"https:\/\/api.w.org\/{rel}","templated":true}]}}