{"id":1301,"date":"2025-04-29T19:03:14","date_gmt":"2025-04-29T19:03:14","guid":{"rendered":"https:\/\/refrigerationstore.eu\/product\/r407f\/"},"modified":"2025-06-02T22:45:33","modified_gmt":"2025-06-02T19:45:33","slug":"r407f","status":"publish","type":"product","link":"https:\/\/refrigerationstore.eu\/de\/produkt\/r407f\/","title":{"rendered":"R407F"},"content":{"rendered":"<ul>\n<li>Nachf\u00fcllbare 10 kg R407F-K\u00e4ltemittelgasflasche.<\/li>\n<li>T-PED\/EN 13322-1 zertifiziert. Ideal f\u00fcr die Wartung und das Nachf\u00fcllen mittelgro\u00dfer bis kleiner Klimaanlagen. (1\/4-Zoll-SAE-Ventil) UN 3340.   <\/li>\n<\/ul>\n","protected":false},"excerpt":{"rendered":"<p>Nachf\u00fcllbare 10 kg R407F-K\u00e4ltemittelgasflasche. T-PED\/EN 13322-1 zertifiziert. Ideal f\u00fcr die Wartung und das Nachf\u00fcllen mittelgro\u00dfer bis kleiner Klimaanlagen. (1\/4-Zoll-SAE-Ventil) UN 3340.<\/p>\n","protected":false},"featured_media":8817,"template":"","meta":{"_acf_changed":false},"product_brand":[],"product_cat":[305],"product_tag":[],"class_list":{"0":"post-1301","1":"product","2":"type-product","3":"status-publish","4":"has-post-thumbnail","6":"product_cat-r407f-kaltemittel","8":"first","9":"outofstock","10":"taxable","11":"shipping-taxable","12":"purchasable","13":"product-type-simple"},"acf":[],"_links":{"self":[{"href":"https:\/\/refrigerationstore.eu\/de\/wp-json\/wp\/v2\/product\/1301","targetHints":{"allow":["GET"]}}],"collection":[{"href":"https:\/\/refrigerationstore.eu\/de\/wp-json\/wp\/v2\/product"}],"about":[{"href":"https:\/\/refrigerationstore.eu\/de\/wp-json\/wp\/v2\/types\/product"}],"wp:featuredmedia":[{"embeddable":true,"href":"https:\/\/refrigerationstore.eu\/de\/wp-json\/wp\/v2\/media\/8817"}],"wp:attachment":[{"href":"https:\/\/refrigerationstore.eu\/de\/wp-json\/wp\/v2\/media?parent=1301"}],"wp:term":[{"taxonomy":"product_brand","embeddable":true,"href":"https:\/\/refrigerationstore.eu\/de\/wp-json\/wp\/v2\/product_brand?post=1301"},{"taxonomy":"product_cat","embeddable":true,"href":"https:\/\/refrigerationstore.eu\/de\/wp-json\/wp\/v2\/product_cat?post=1301"},{"taxonomy":"product_tag","embeddable":true,"href":"https:\/\/refrigerationstore.eu\/de\/wp-json\/wp\/v2\/product_tag?post=1301"}],"curies":[{"name":"wp","href":"https:\/\/api.w.org\/{rel}","templated":true}]}}