{"id":1291,"date":"2025-04-28T15:46:42","date_gmt":"2025-04-28T12:46:42","guid":{"rendered":"https:\/\/refrigerationstore.eu\/product\/r404a\/"},"modified":"2026-03-30T14:19:28","modified_gmt":"2026-03-30T11:19:28","slug":"r404a","status":"publish","type":"product","link":"https:\/\/refrigerationstore.eu\/de\/produkt\/r404a\/","title":{"rendered":"R404A"},"content":{"rendered":"<div class=\"product__description rte quick-add-hidden\">\n<ul>\n<li><em>INKLUSIVE PREIS DER FLASCHE, DIE AUF IHREM GRUNDST\u00dcCK BLEIBT. Wenn Sie Flaschen zur\u00fcckgeben m\u00f6chten, kontaktieren Sie uns bitte. <\/em><\/li>\n<li><strong>Nur legales K\u00e4ltemittel. <\/strong>Versiegeltes Ventil garantiert die urspr\u00fcngliche Zusammensetzung. Es hat alle Kennzeichnungen gem\u00e4\u00df den EU-Richtlinien.<\/li>\n<li>Wiederverwendbare Flasche. K\u00e4ltemittel R-404a. K\u00e4ltemittel R404a wird in Klimaanlagen und im K\u00fchltransport, in der industriellen K\u00fchlung (K\u00fchlh\u00e4user, Gefrierschr\u00e4nke) und in der gewerblichen K\u00fchlung verwendet. R404a ist eine Mischung aus HFKW, die h\u00e4ufig in Nieder- und Mitteltemperatur-K\u00e4lteanwendungen wie der gewerblichen K\u00fchlung verwendet wird. <\/li>\n<li>Beliebte Anwendungen von R404a sind die gewerbliche K\u00fchlung (Gefrierschr\u00e4nke, K\u00fchlschr\u00e4nke, Verkaufsautomaten), Transport und die industrielle K\u00fchlung.<\/li>\n<\/ul>\n<\/div>\n","protected":false},"excerpt":{"rendered":"<p>INKLUSIVE PREIS DER FLASCHE, DIE AUF IHREM GRUNDST\u00dcCK BLEIBT. Wenn Sie Flaschen zur\u00fcckgeben m\u00f6chten, kontaktieren Sie uns bitte. Nur legales K\u00e4ltemittel. Versiegeltes Ventil garantiert die urspr\u00fcngliche Zusammensetzung. Es hat alle Kennzeichnungen gem\u00e4\u00df den EU-Richtlinien. Wiederverwendbare Flasche. K\u00e4ltemittel R-404a. K\u00e4ltemittel R404a wird in Klimaanlagen und im K\u00fchltransport, in der industriellen K\u00fchlung (K\u00fchlh\u00e4user, Gefrierschr\u00e4nke) und in der [&hellip;]<\/p>\n","protected":false},"featured_media":8817,"template":"","meta":{"_acf_changed":false},"product_brand":[],"product_cat":[293],"product_tag":[],"class_list":{"0":"post-1291","1":"product","2":"type-product","3":"status-publish","4":"has-post-thumbnail","6":"product_cat-r404a-kaltemittel","8":"first","9":"instock","10":"taxable","11":"shipping-taxable","12":"purchasable","13":"product-type-simple"},"acf":[],"_links":{"self":[{"href":"https:\/\/refrigerationstore.eu\/de\/wp-json\/wp\/v2\/product\/1291","targetHints":{"allow":["GET"]}}],"collection":[{"href":"https:\/\/refrigerationstore.eu\/de\/wp-json\/wp\/v2\/product"}],"about":[{"href":"https:\/\/refrigerationstore.eu\/de\/wp-json\/wp\/v2\/types\/product"}],"wp:featuredmedia":[{"embeddable":true,"href":"https:\/\/refrigerationstore.eu\/de\/wp-json\/wp\/v2\/media\/8817"}],"wp:attachment":[{"href":"https:\/\/refrigerationstore.eu\/de\/wp-json\/wp\/v2\/media?parent=1291"}],"wp:term":[{"taxonomy":"product_brand","embeddable":true,"href":"https:\/\/refrigerationstore.eu\/de\/wp-json\/wp\/v2\/product_brand?post=1291"},{"taxonomy":"product_cat","embeddable":true,"href":"https:\/\/refrigerationstore.eu\/de\/wp-json\/wp\/v2\/product_cat?post=1291"},{"taxonomy":"product_tag","embeddable":true,"href":"https:\/\/refrigerationstore.eu\/de\/wp-json\/wp\/v2\/product_tag?post=1291"}],"curies":[{"name":"wp","href":"https:\/\/api.w.org\/{rel}","templated":true}]}}