{"id":1247,"date":"2025-04-15T12:33:58","date_gmt":"2025-04-15T12:33:58","guid":{"rendered":"https:\/\/refrigerationstore.eu\/product\/1-r134a\/"},"modified":"2026-03-31T16:54:37","modified_gmt":"2026-03-31T13:54:37","slug":"1-r134a","status":"publish","type":"product","link":"https:\/\/refrigerationstore.eu\/de\/produkt\/1-r134a\/","title":{"rendered":"R134A"},"content":{"rendered":"<div class=\"product__description rte quick-add-hidden\">\n<ul>\n<li><em>INKLUSIVE PREIS DER FLASCHE, DIE AUF IHREM GRUNDST\u00dcCK BLEIBT. Wenn Sie Flaschen zur\u00fcckgeben m\u00f6chten, kontaktieren Sie uns bitte. <\/em><\/li>\n<li><strong>Nur legales K\u00e4ltemittel<\/strong> Versiegeltes Ventil garantiert die urspr\u00fcngliche Zusammensetzung Es hat alle Markierungen gem\u00e4\u00df den EU-Richtlinien Mehrwegflasche, wiederverwendbar<\/li>\n<li><strong>K\u00e4ltemittel R-134a<\/strong> f\u00fcr K\u00e4lte- und Klimaanlagenanwendungen bei mittlerer und hoher Temperaturk\u00fchlung. Wird in Klimaanlagen in Wohngeb\u00e4uden, Haushaltsk\u00fchlger\u00e4ten, in gewerblichen Einrichtungen (K\u00fchlschr\u00e4nke, Gefrierschr\u00e4nke, Verkaufsautomaten, K\u00fchleinheiten zur Klimatisierung von Industriegeb\u00e4uden) und im K\u00fchltransport verwendet. <\/li>\n<li>R134a wird auch noch in der Automobilindustrie verwendet, in Autoklimaanlagen der \u00e4lteren Generation.<br \/>\nR134a ist ein beliebtes Element in vielen HFC-Mischungen. 12 kg Flasche \/ 940 kg Tank <\/li>\n<\/ul>\n<\/div>\n","protected":false},"excerpt":{"rendered":"<p>INKLUSIVE PREIS DER FLASCHE, DIE AUF IHREM GRUNDST\u00dcCK BLEIBT. Wenn Sie Flaschen zur\u00fcckgeben m\u00f6chten, kontaktieren Sie uns bitte. Nur legales K\u00e4ltemittel Versiegeltes Ventil garantiert die urspr\u00fcngliche Zusammensetzung Es hat alle Markierungen gem\u00e4\u00df den EU-Richtlinien Mehrwegflasche, wiederverwendbar K\u00e4ltemittel R-134a f\u00fcr K\u00e4lte- und Klimaanlagenanwendungen bei mittlerer und hoher Temperaturk\u00fchlung. Wird in Klimaanlagen in Wohngeb\u00e4uden, Haushaltsk\u00fchlger\u00e4ten, in gewerblichen [&hellip;]<\/p>\n","protected":false},"featured_media":8817,"template":"","meta":{"_acf_changed":false},"product_brand":[],"product_cat":[282],"product_tag":[],"class_list":{"0":"post-1247","1":"product","2":"type-product","3":"status-publish","4":"has-post-thumbnail","6":"product_cat-r134a-kaltemittel","8":"first","9":"instock","10":"taxable","11":"shipping-taxable","12":"purchasable","13":"product-type-simple"},"acf":[],"_links":{"self":[{"href":"https:\/\/refrigerationstore.eu\/de\/wp-json\/wp\/v2\/product\/1247","targetHints":{"allow":["GET"]}}],"collection":[{"href":"https:\/\/refrigerationstore.eu\/de\/wp-json\/wp\/v2\/product"}],"about":[{"href":"https:\/\/refrigerationstore.eu\/de\/wp-json\/wp\/v2\/types\/product"}],"wp:featuredmedia":[{"embeddable":true,"href":"https:\/\/refrigerationstore.eu\/de\/wp-json\/wp\/v2\/media\/8817"}],"wp:attachment":[{"href":"https:\/\/refrigerationstore.eu\/de\/wp-json\/wp\/v2\/media?parent=1247"}],"wp:term":[{"taxonomy":"product_brand","embeddable":true,"href":"https:\/\/refrigerationstore.eu\/de\/wp-json\/wp\/v2\/product_brand?post=1247"},{"taxonomy":"product_cat","embeddable":true,"href":"https:\/\/refrigerationstore.eu\/de\/wp-json\/wp\/v2\/product_cat?post=1247"},{"taxonomy":"product_tag","embeddable":true,"href":"https:\/\/refrigerationstore.eu\/de\/wp-json\/wp\/v2\/product_tag?post=1247"}],"curies":[{"name":"wp","href":"https:\/\/api.w.org\/{rel}","templated":true}]}}