{"id":1365,"date":"2025-04-29T06:12:23","date_gmt":"2025-04-29T03:12:23","guid":{"rendered":"https:\/\/refrigerationstore.eu\/lieferung-und-zahlung\/"},"modified":"2025-06-02T23:12:35","modified_gmt":"2025-06-02T20:12:35","slug":"lieferung-und-zahlung","status":"publish","type":"page","link":"https:\/\/refrigerationstore.eu\/de\/lieferung-und-zahlung\/","title":{"rendered":"Lieferung und Zahlung"},"content":{"rendered":"\t\t<div data-elementor-type=\"wp-post\" data-elementor-id=\"1365\" class=\"elementor elementor-1365 elementor-339\" data-elementor-post-type=\"page\">\n\t\t\t\t<div class=\"elementor-element elementor-element-f62b1d3 e-flex e-con-boxed e-con e-parent\" data-id=\"f62b1d3\" data-element_type=\"container\">\n\t\t\t\t\t<div class=\"e-con-inner\">\n\t\t\t\t<div class=\"elementor-element elementor-element-cccc7a2 elementor-widget elementor-widget-heading\" data-id=\"cccc7a2\" data-element_type=\"widget\" data-widget_type=\"heading.default\">\n\t\t\t\t<div class=\"elementor-widget-container\">\n\t\t\t\t\t<h1 class=\"elementor-heading-title elementor-size-default\">Lieferung und Zahlung<\/h1>\t\t\t\t<\/div>\n\t\t\t\t<\/div>\n\t\t\t\t<div class=\"elementor-element elementor-element-f70a5de elementor-widget elementor-widget-text-editor\" data-id=\"f70a5de\" data-element_type=\"widget\" data-widget_type=\"text-editor.default\">\n\t\t\t\t<div class=\"elementor-widget-container\">\n\t\t\t\t\t\t\t\t\t<p>Wir arbeiten mit verschiedenen Kurierdiensten und Logistikunternehmen zusammen, um eine Lieferung in ganz Europa zu gew\u00e4hrleisten. Sie k\u00f6nnen sowohl kleine Mengen als auch gro\u00dfe Volumen bestellen, die von Logistikfirmen auf Paletten oder in Tanks geliefert werden. <\/p>\t\t\t\t\t\t\t\t<\/div>\n\t\t\t\t<\/div>\n\t\t\t\t<div class=\"elementor-element elementor-element-4ac1f65 elementor-widget elementor-widget-heading\" data-id=\"4ac1f65\" data-element_type=\"widget\" data-widget_type=\"heading.default\">\n\t\t\t\t<div class=\"elementor-widget-container\">\n\t\t\t\t\t<h2 class=\"elementor-heading-title elementor-size-default\">Wichtige Informationen<\/h2>\t\t\t\t<\/div>\n\t\t\t\t<\/div>\n\t\t<div class=\"elementor-element elementor-element-7f73e48 e-con-full e-flex e-con e-child\" data-id=\"7f73e48\" data-element_type=\"container\" data-settings=\"{&quot;background_background&quot;:&quot;classic&quot;}\">\n\t\t\t\t<div class=\"elementor-element elementor-element-4b3e47a elementor-widget elementor-widget-heading\" data-id=\"4b3e47a\" data-element_type=\"widget\" data-widget_type=\"heading.default\">\n\t\t\t\t<div class=\"elementor-widget-container\">\n\t\t\t\t\t<div class=\"elementor-heading-title elementor-size-default\">Lieferzeiten<\/div>\t\t\t\t<\/div>\n\t\t\t\t<\/div>\n\t\t\t\t<div class=\"elementor-element elementor-element-a9db87c elementor-widget elementor-widget-text-editor\" data-id=\"a9db87c\" data-element_type=\"widget\" data-widget_type=\"text-editor.default\">\n\t\t\t\t<div class=\"elementor-widget-container\">\n\t\t\t\t\t\t\t\t\t<div class=\"rte\"><ul><li>Im Baltikum: 3\u20135 Werktage.<\/li><li><strong>Im restlichen Europa<\/strong>: 3\u201310 Werktage.<\/li><\/ul><p><strong>Wichtig!<\/strong> Bitte geben Sie bei der Bestellung Ihre Telefonnummer, E-Mail-Adresse und vollst\u00e4ndige Anschrift an.<\/p><\/div>\t\t\t\t\t\t\t\t<\/div>\n\t\t\t\t<\/div>\n\t\t\t\t<\/div>\n\t\t<div class=\"elementor-element elementor-element-85e2363 e-con-full e-flex e-con e-child\" data-id=\"85e2363\" data-element_type=\"container\" data-settings=\"{&quot;background_background&quot;:&quot;classic&quot;}\">\n\t\t\t\t<div class=\"elementor-element elementor-element-4a7a34e elementor-widget elementor-widget-heading\" data-id=\"4a7a34e\" data-element_type=\"widget\" data-widget_type=\"heading.default\">\n\t\t\t\t<div class=\"elementor-widget-container\">\n\t\t\t\t\t<div class=\"elementor-heading-title elementor-size-default\">Zahlungsm\u00f6glichkeiten<\/div>\t\t\t\t<\/div>\n\t\t\t\t<\/div>\n\t\t\t\t<div class=\"elementor-element elementor-element-4756f8a elementor-widget elementor-widget-text-editor\" data-id=\"4756f8a\" data-element_type=\"widget\" data-widget_type=\"text-editor.default\">\n\t\t\t\t<div class=\"elementor-widget-container\">\n\t\t\t\t\t\t\t\t\t<ul><li>Bankkarte<\/li><li>PayPal<\/li><li>Bank\u00fcberweisung (Rechnung nach Vereinbarung)<\/li><\/ul>\t\t\t\t\t\t\t\t<\/div>\n\t\t\t\t<\/div>\n\t\t\t\t<\/div>\n\t\t\t\t\t<\/div>\n\t\t\t\t<\/div>\n\t\t\t\t<\/div>\n\t\t","protected":false},"excerpt":{"rendered":"<p>Lieferung und Zahlung Wir arbeiten mit verschiedenen Kurierdiensten und Logistikunternehmen zusammen, um eine Lieferung in ganz Europa zu gew\u00e4hrleisten. Sie k\u00f6nnen sowohl kleine Mengen als auch gro\u00dfe Volumen bestellen, die von Logistikfirmen auf Paletten oder in Tanks geliefert werden. Wichtige Informationen Lieferzeiten Im Baltikum: 3\u20135 Werktage. Im restlichen Europa: 3\u201310 Werktage. Wichtig! Bitte geben Sie [&hellip;]<\/p>\n","protected":false},"author":2,"featured_media":0,"parent":0,"menu_order":0,"comment_status":"closed","ping_status":"closed","template":"elementor_header_footer","meta":{"_acf_changed":false,"footnotes":""},"class_list":["post-1365","page","type-page","status-publish","hentry"],"acf":[],"_links":{"self":[{"href":"https:\/\/refrigerationstore.eu\/de\/wp-json\/wp\/v2\/pages\/1365","targetHints":{"allow":["GET"]}}],"collection":[{"href":"https:\/\/refrigerationstore.eu\/de\/wp-json\/wp\/v2\/pages"}],"about":[{"href":"https:\/\/refrigerationstore.eu\/de\/wp-json\/wp\/v2\/types\/page"}],"author":[{"embeddable":true,"href":"https:\/\/refrigerationstore.eu\/de\/wp-json\/wp\/v2\/users\/2"}],"replies":[{"embeddable":true,"href":"https:\/\/refrigerationstore.eu\/de\/wp-json\/wp\/v2\/comments?post=1365"}],"version-history":[{"count":3,"href":"https:\/\/refrigerationstore.eu\/de\/wp-json\/wp\/v2\/pages\/1365\/revisions"}],"predecessor-version":[{"id":2202,"href":"https:\/\/refrigerationstore.eu\/de\/wp-json\/wp\/v2\/pages\/1365\/revisions\/2202"}],"wp:attachment":[{"href":"https:\/\/refrigerationstore.eu\/de\/wp-json\/wp\/v2\/media?parent=1365"}],"curies":[{"name":"wp","href":"https:\/\/api.w.org\/{rel}","templated":true}]}}